{"id":10,"date":"2024-05-27T14:20:21","date_gmt":"2024-05-27T14:20:21","guid":{"rendered":"https:\/\/gladiolus.be\/index.php\/cart\/"},"modified":"2024-12-01T21:21:43","modified_gmt":"2024-12-01T21:21:43","slug":"panier","status":"publish","type":"page","link":"https:\/\/gladiolus.be\/index.php\/panier\/","title":{"rendered":"Panier"},"content":{"rendered":"\n<div data-block-name=\"woocommerce\/cart\" class=\"wp-block-woocommerce-cart alignwide is-loading\">\n<div data-block-name=\"woocommerce\/filled-cart-block\" class=\"wp-block-woocommerce-filled-cart-block\">\n<div data-block-name=\"woocommerce\/cart-items-block\" class=\"wp-block-woocommerce-cart-items-block\">\n<div data-block-name=\"woocommerce\/cart-line-items-block\" class=\"wp-block-woocommerce-cart-line-items-block\"><\/div>\n\n\n\n<div data-block-name=\"woocommerce\/cart-cross-sells-block\" class=\"wp-block-woocommerce-cart-cross-sells-block\">\n<h2 class=\"wp-block-heading has-large-font-size\">Vous pourriez \u00eatre int\u00e9ress\u00e9 par&#8230;<\/h2>\n\n\n\n<div data-block-name=\"woocommerce\/cart-cross-sells-products-block\" class=\"wp-block-woocommerce-cart-cross-sells-products-block\"><\/div>\n<\/div>\n<\/div>\n\n\n\n<div data-block-name=\"woocommerce\/cart-totals-block\" class=\"wp-block-woocommerce-cart-totals-block\">\n<div data-block-name=\"woocommerce\/cart-order-summary-block\" class=\"wp-block-woocommerce-cart-order-summary-block\">\n<div data-block-name=\"woocommerce\/cart-order-summary-heading-block\" data-content=\"Total panier\" class=\"wp-block-woocommerce-cart-order-summary-heading-block\"><\/div>\n\n\n\n<div data-block-name=\"woocommerce\/cart-order-summary-coupon-form-block\" class=\"wp-block-woocommerce-cart-order-summary-coupon-form-block\"><\/div>\n\n\n\n<div data-block-name=\"woocommerce\/cart-order-summary-totals-block\" class=\"wp-block-woocommerce-cart-order-summary-totals-block\">\n<div data-block-name=\"woocommerce\/cart-order-summary-subtotal-block\" class=\"wp-block-woocommerce-cart-order-summary-subtotal-block\"><\/div>\n\n\n\n<div data-block-name=\"woocommerce\/cart-order-summary-fee-block\" class=\"wp-block-woocommerce-cart-order-summary-fee-block\"><\/div>\n\n\n\n<div data-block-name=\"woocommerce\/cart-order-summary-discount-block\" class=\"wp-block-woocommerce-cart-order-summary-discount-block\"><\/div>\n\n\n\n<div data-block-name=\"woocommerce\/cart-order-summary-shipping-block\" class=\"wp-block-woocommerce-cart-order-summary-shipping-block\"><\/div>\n\n\n\n<div data-block-name=\"woocommerce\/cart-order-summary-taxes-block\" class=\"wp-block-woocommerce-cart-order-summary-taxes-block\"><\/div>\n<\/div>\n<\/div>\n\n\n\n<div data-block-name=\"woocommerce\/cart-express-payment-block\" class=\"wp-block-woocommerce-cart-express-payment-block\"><\/div>\n\n\n\n<div data-block-name=\"woocommerce\/proceed-to-checkout-block\" class=\"wp-block-woocommerce-proceed-to-checkout-block\"><\/div>\n\n\n\n<div data-block-name=\"woocommerce\/cart-accepted-payment-methods-block\" class=\"wp-block-woocommerce-cart-accepted-payment-methods-block\"><\/div>\n<\/div>\n<\/div>\n\n\n\n<div data-block-name=\"woocommerce\/empty-cart-block\" class=\"wp-block-woocommerce-empty-cart-block\">\n<h2 class=\"wp-block-heading has-text-align-center with-empty-cart-icon wc-block-cart__empty-cart__title\">Your cart is currently empty!<\/h2>\n\n\n\n<hr class=\"wp-block-separator has-alpha-channel-opacity is-style-dots\"\/>\n\n\n\n<h2 class=\"wp-block-heading has-text-align-center\">New in store<\/h2>\n\n\n<div data-block-name=\"woocommerce\/product-new\" data-columns=\"4\" data-rows=\"1\" class=\"wc-block-grid wp-block-product-new wp-block-woocommerce-product-new wc-block-product-new has-4-columns\"><ul class=\"wc-block-grid__products\"><li class=\"wc-block-grid__product\">\n\t\t\t\t<a href=\"https:\/\/gladiolus.be\/index.php\/product\/collier-5-perles-argent-925-plaque-or\/\" class=\"wc-block-grid__product-link\">\n\t\t\t\t\t\n\t\t\t\t\t<div class=\"wc-block-grid__product-image\"><img fetchpriority=\"high\" decoding=\"async\" width=\"430\" height=\"645\" src=\"https:\/\/gladiolus.be\/wp-content\/uploads\/2021\/08\/WhatsApp-Image-2026-03-23-at-3.06.09-PM-8-430x645.jpeg\" class=\"attachment-woocommerce_thumbnail size-woocommerce_thumbnail\" alt=\"Collier 5 Perles Argent 925 dor\u00e9 Avec Pendentifs en Zircone Ronde\" srcset=\"https:\/\/gladiolus.be\/wp-content\/uploads\/2021\/08\/WhatsApp-Image-2026-03-23-at-3.06.09-PM-8-430x645.jpeg 430w, https:\/\/gladiolus.be\/wp-content\/uploads\/2021\/08\/WhatsApp-Image-2026-03-23-at-3.06.09-PM-8-200x300.jpeg 200w, https:\/\/gladiolus.be\/wp-content\/uploads\/2021\/08\/WhatsApp-Image-2026-03-23-at-3.06.09-PM-8-533x800.jpeg 533w, https:\/\/gladiolus.be\/wp-content\/uploads\/2021\/08\/WhatsApp-Image-2026-03-23-at-3.06.09-PM-8-768x1152.jpeg 768w, https:\/\/gladiolus.be\/wp-content\/uploads\/2021\/08\/WhatsApp-Image-2026-03-23-at-3.06.09-PM-8-8x12.jpeg 8w, https:\/\/gladiolus.be\/wp-content\/uploads\/2021\/08\/WhatsApp-Image-2026-03-23-at-3.06.09-PM-8-700x1050.jpeg 700w, https:\/\/gladiolus.be\/wp-content\/uploads\/2021\/08\/WhatsApp-Image-2026-03-23-at-3.06.09-PM-8-150x225.jpeg 150w, https:\/\/gladiolus.be\/wp-content\/uploads\/2021\/08\/WhatsApp-Image-2026-03-23-at-3.06.09-PM-8.jpeg 1024w\" sizes=\"(max-width: 430px) 100vw, 430px\" \/><\/div>\n\t\t\t\t\t<div class=\"wc-block-grid__product-title\">Collier 5 Perles Argent 925 dor\u00e9 Avec Pendentifs en Zircone Ronde<\/div>\n\t\t\t\t<\/a>\n\t\t\t\t<div class=\"wc-block-grid__product-price price\"><span class=\"woocommerce-Price-amount amount\"><span class=\"woocommerce-Price-currencySymbol\">&euro;<\/span>&nbsp;25,00<\/span><\/div>\n\t\t\t\t\n\t\t\t\t<div class=\"wp-block-button wc-block-grid__product-add-to-cart\"><a href=\"\/index.php\/wp-json\/wp\/v2\/pages\/10?add-to-cart=411\" aria-label=\"Add to cart: &ldquo;Collier 5 Perles Argent 925 dor\u00e9 Avec Pendentifs en Zircone Ronde&rdquo;\" data-quantity=\"1\" data-product_id=\"411\" data-product_sku=\"\" data-price=\"25\" rel=\"nofollow\" class=\"wp-block-button__link  add_to_cart_button ajax_add_to_cart\">Ajouter au panier<\/a><\/div>\n\t\t\t<\/li><li class=\"wc-block-grid__product\">\n\t\t\t\t<a href=\"https:\/\/gladiolus.be\/index.php\/product\/collier-halo-cristal-blanc-acier-inoxydable\/\" class=\"wc-block-grid__product-link\">\n\t\t\t\t\t\n\t\t\t\t\t<div class=\"wc-block-grid__product-image\"><img decoding=\"async\" width=\"430\" height=\"645\" src=\"https:\/\/gladiolus.be\/wp-content\/uploads\/2021\/08\/WhatsApp-Image-2026-03-23-at-3.06.09-PM-2-430x645.jpeg\" class=\"attachment-woocommerce_thumbnail size-woocommerce_thumbnail\" alt=\"Collier Halo Cristal Blanc Acier Inoxydable\" srcset=\"https:\/\/gladiolus.be\/wp-content\/uploads\/2021\/08\/WhatsApp-Image-2026-03-23-at-3.06.09-PM-2-430x645.jpeg 430w, https:\/\/gladiolus.be\/wp-content\/uploads\/2021\/08\/WhatsApp-Image-2026-03-23-at-3.06.09-PM-2-200x300.jpeg 200w, https:\/\/gladiolus.be\/wp-content\/uploads\/2021\/08\/WhatsApp-Image-2026-03-23-at-3.06.09-PM-2-533x800.jpeg 533w, https:\/\/gladiolus.be\/wp-content\/uploads\/2021\/08\/WhatsApp-Image-2026-03-23-at-3.06.09-PM-2-768x1152.jpeg 768w, https:\/\/gladiolus.be\/wp-content\/uploads\/2021\/08\/WhatsApp-Image-2026-03-23-at-3.06.09-PM-2-8x12.jpeg 8w, https:\/\/gladiolus.be\/wp-content\/uploads\/2021\/08\/WhatsApp-Image-2026-03-23-at-3.06.09-PM-2-700x1050.jpeg 700w, https:\/\/gladiolus.be\/wp-content\/uploads\/2021\/08\/WhatsApp-Image-2026-03-23-at-3.06.09-PM-2-150x225.jpeg 150w, https:\/\/gladiolus.be\/wp-content\/uploads\/2021\/08\/WhatsApp-Image-2026-03-23-at-3.06.09-PM-2.jpeg 1024w\" sizes=\"(max-width: 430px) 100vw, 430px\" \/><\/div>\n\t\t\t\t\t<div class=\"wc-block-grid__product-title\">Collier Halo Cristal Blanc Acier Inoxydable<\/div>\n\t\t\t\t<\/a>\n\t\t\t\t<div class=\"wc-block-grid__product-price price\"><span class=\"woocommerce-Price-amount amount\"><span class=\"woocommerce-Price-currencySymbol\">&euro;<\/span>&nbsp;19,00<\/span><\/div>\n\t\t\t\t\n\t\t\t\t<div class=\"wp-block-button wc-block-grid__product-add-to-cart\"><a href=\"\/index.php\/wp-json\/wp\/v2\/pages\/10?add-to-cart=395\" aria-label=\"Add to cart: &ldquo;Collier Halo Cristal Blanc Acier Inoxydable&rdquo;\" data-quantity=\"1\" data-product_id=\"395\" data-product_sku=\"\" data-price=\"19\" rel=\"nofollow\" class=\"wp-block-button__link  add_to_cart_button ajax_add_to_cart\">Ajouter au panier<\/a><\/div>\n\t\t\t<\/li><li class=\"wc-block-grid__product\">\n\t\t\t\t<a href=\"https:\/\/gladiolus.be\/index.php\/product\/collier-cercle-acier-inoxydable-dore\/\" class=\"wc-block-grid__product-link\">\n\t\t\t\t\t\n\t\t\t\t\t<div class=\"wc-block-grid__product-image\"><img decoding=\"async\" width=\"430\" height=\"645\" src=\"https:\/\/gladiolus.be\/wp-content\/uploads\/2021\/08\/WhatsApp-Image-2026-03-23-at-3.06.09-PM-430x645.jpeg\" class=\"attachment-woocommerce_thumbnail size-woocommerce_thumbnail\" alt=\"Collier Cercle en acier inoxydable Dor\u00e9\" srcset=\"https:\/\/gladiolus.be\/wp-content\/uploads\/2021\/08\/WhatsApp-Image-2026-03-23-at-3.06.09-PM-430x645.jpeg 430w, https:\/\/gladiolus.be\/wp-content\/uploads\/2021\/08\/WhatsApp-Image-2026-03-23-at-3.06.09-PM-200x300.jpeg 200w, https:\/\/gladiolus.be\/wp-content\/uploads\/2021\/08\/WhatsApp-Image-2026-03-23-at-3.06.09-PM-533x800.jpeg 533w, https:\/\/gladiolus.be\/wp-content\/uploads\/2021\/08\/WhatsApp-Image-2026-03-23-at-3.06.09-PM-768x1152.jpeg 768w, https:\/\/gladiolus.be\/wp-content\/uploads\/2021\/08\/WhatsApp-Image-2026-03-23-at-3.06.09-PM-8x12.jpeg 8w, https:\/\/gladiolus.be\/wp-content\/uploads\/2021\/08\/WhatsApp-Image-2026-03-23-at-3.06.09-PM-700x1050.jpeg 700w, https:\/\/gladiolus.be\/wp-content\/uploads\/2021\/08\/WhatsApp-Image-2026-03-23-at-3.06.09-PM-150x225.jpeg 150w, https:\/\/gladiolus.be\/wp-content\/uploads\/2021\/08\/WhatsApp-Image-2026-03-23-at-3.06.09-PM.jpeg 1024w\" sizes=\"(max-width: 430px) 100vw, 430px\" \/><\/div>\n\t\t\t\t\t<div class=\"wc-block-grid__product-title\">Collier Cercle en acier inoxydable Dor\u00e9<\/div>\n\t\t\t\t<\/a>\n\t\t\t\t<div class=\"wc-block-grid__product-price price\"><span class=\"woocommerce-Price-amount amount\"><span class=\"woocommerce-Price-currencySymbol\">&euro;<\/span>&nbsp;15,00<\/span><\/div>\n\t\t\t\t\n\t\t\t\t<div class=\"wp-block-button wc-block-grid__product-add-to-cart\"><a href=\"\/index.php\/wp-json\/wp\/v2\/pages\/10?add-to-cart=381\" aria-label=\"Add to cart: &ldquo;Collier Cercle en acier inoxydable Dor\u00e9&rdquo;\" data-quantity=\"1\" data-product_id=\"381\" data-product_sku=\"\" data-price=\"15\" rel=\"nofollow\" class=\"wp-block-button__link  add_to_cart_button ajax_add_to_cart\">Ajouter au panier<\/a><\/div>\n\t\t\t<\/li><li class=\"wc-block-grid__product\">\n\t\t\t\t<a href=\"https:\/\/gladiolus.be\/index.php\/product\/collier-rose-en-acier-inoxydable\/\" class=\"wc-block-grid__product-link\">\n\t\t\t\t\t<div class=\"wc-block-grid__product-onsale\">\n\t\t\t<span aria-hidden=\"true\">Promo<\/span>\n\t\t\t<span class=\"screen-reader-text\">Produit en promotion<\/span>\n\t\t<\/div>\n\t\t\t\t\t<div class=\"wc-block-grid__product-image\"><img loading=\"lazy\" decoding=\"async\" width=\"430\" height=\"645\" src=\"https:\/\/gladiolus.be\/wp-content\/uploads\/2021\/08\/ChatGPT-Image-Mar-31-2026-03_27_14-PM-430x645.png\" class=\"attachment-woocommerce_thumbnail size-woocommerce_thumbnail\" alt=\"Collier rose en acier inoxydable\" srcset=\"https:\/\/gladiolus.be\/wp-content\/uploads\/2021\/08\/ChatGPT-Image-Mar-31-2026-03_27_14-PM-430x645.png 430w, https:\/\/gladiolus.be\/wp-content\/uploads\/2021\/08\/ChatGPT-Image-Mar-31-2026-03_27_14-PM-200x300.png 200w, https:\/\/gladiolus.be\/wp-content\/uploads\/2021\/08\/ChatGPT-Image-Mar-31-2026-03_27_14-PM-533x800.png 533w, https:\/\/gladiolus.be\/wp-content\/uploads\/2021\/08\/ChatGPT-Image-Mar-31-2026-03_27_14-PM-768x1152.png 768w, https:\/\/gladiolus.be\/wp-content\/uploads\/2021\/08\/ChatGPT-Image-Mar-31-2026-03_27_14-PM-8x12.png 8w, https:\/\/gladiolus.be\/wp-content\/uploads\/2021\/08\/ChatGPT-Image-Mar-31-2026-03_27_14-PM-700x1050.png 700w, https:\/\/gladiolus.be\/wp-content\/uploads\/2021\/08\/ChatGPT-Image-Mar-31-2026-03_27_14-PM-150x225.png 150w, https:\/\/gladiolus.be\/wp-content\/uploads\/2021\/08\/ChatGPT-Image-Mar-31-2026-03_27_14-PM.png 1024w\" sizes=\"(max-width: 430px) 100vw, 430px\" \/><\/div>\n\t\t\t\t\t<div class=\"wc-block-grid__product-title\">Collier rose en acier inoxydable<\/div>\n\t\t\t\t<\/a>\n\t\t\t\t<div class=\"wc-block-grid__product-price price\"><del aria-hidden=\"true\"><span class=\"woocommerce-Price-amount amount\"><span class=\"woocommerce-Price-currencySymbol\">&euro;<\/span>&nbsp;19,00<\/span><\/del> <span class=\"screen-reader-text\">Original price was: &euro;&nbsp;19,00.<\/span><ins aria-hidden=\"true\"><span class=\"woocommerce-Price-amount amount\"><span class=\"woocommerce-Price-currencySymbol\">&euro;<\/span>&nbsp;12,00<\/span><\/ins><span class=\"screen-reader-text\">Current price is: &euro;&nbsp;12,00.<\/span><\/div>\n\t\t\t\t\n\t\t\t\t<div class=\"wp-block-button wc-block-grid__product-add-to-cart\"><a href=\"\/index.php\/wp-json\/wp\/v2\/pages\/10?add-to-cart=372\" aria-label=\"Add to cart: &ldquo;Collier rose en acier inoxydable&rdquo;\" data-quantity=\"1\" data-product_id=\"372\" data-product_sku=\"MNK-001\" data-price=\"12\" rel=\"nofollow\" class=\"wp-block-button__link  add_to_cart_button ajax_add_to_cart\">Ajouter au panier<\/a><\/div>\n\t\t\t<\/li><\/ul><\/div><\/div>\n<\/div>\n","protected":false},"excerpt":{"rendered":"","protected":false},"author":1,"featured_media":0,"parent":0,"menu_order":0,"comment_status":"closed","ping_status":"closed","template":"","meta":{"footnotes":""},"class_list":["post-10","page","type-page","status-publish","hentry"],"yoast_head":"<!-- This site is optimized with the Yoast SEO plugin v27.3 - https:\/\/yoast.com\/product\/yoast-seo-wordpress\/ -->\n<title>Panier - Gladiolus<\/title>\n<meta name=\"description\" content=\"Panier : consultez vos articles pr\u00e9f\u00e9r\u00e9s, modifiez votre s\u00e9lection et passez commande en toute simplicit\u00e9 avec Gladiolus.\" \/>\n<meta name=\"robots\" content=\"index, follow, max-snippet:-1, max-image-preview:large, max-video-preview:-1\" \/>\n<link rel=\"canonical\" href=\"https:\/\/gladiolus.be\/index.php\/panier\/\" \/>\n<meta property=\"og:locale\" content=\"fr_FR\" \/>\n<meta property=\"og:type\" content=\"article\" \/>\n<meta property=\"og:title\" content=\"Panier - Gladiolus\" \/>\n<meta property=\"og:description\" content=\"Panier : consultez vos articles pr\u00e9f\u00e9r\u00e9s, modifiez votre s\u00e9lection et passez commande en toute simplicit\u00e9 avec Gladiolus.\" \/>\n<meta property=\"og:url\" content=\"https:\/\/gladiolus.be\/index.php\/panier\/\" \/>\n<meta property=\"og:site_name\" content=\"Gladiolus\" \/>\n<meta property=\"article:modified_time\" content=\"2024-12-01T21:21:43+00:00\" \/>\n<meta name=\"twitter:card\" content=\"summary_large_image\" \/>\n<meta name=\"twitter:label1\" content=\"Dur\u00e9e de lecture est.\" \/>\n\t<meta name=\"twitter:data1\" content=\"1 minute\" \/>\n<script type=\"application\/ld+json\" class=\"yoast-schema-graph\">{\"@context\":\"https:\\\/\\\/schema.org\",\"@graph\":[{\"@type\":\"WebPage\",\"@id\":\"https:\\\/\\\/gladiolus.be\\\/index.php\\\/panier\\\/\",\"url\":\"https:\\\/\\\/gladiolus.be\\\/index.php\\\/panier\\\/\",\"name\":\"Panier - Gladiolus\",\"isPartOf\":{\"@id\":\"https:\\\/\\\/gladiolus.be\\\/#website\"},\"datePublished\":\"2024-05-27T14:20:21+00:00\",\"dateModified\":\"2024-12-01T21:21:43+00:00\",\"description\":\"Panier : consultez vos articles pr\u00e9f\u00e9r\u00e9s, modifiez votre s\u00e9lection et passez commande en toute simplicit\u00e9 avec Gladiolus.\",\"breadcrumb\":{\"@id\":\"https:\\\/\\\/gladiolus.be\\\/index.php\\\/panier\\\/#breadcrumb\"},\"inLanguage\":\"fr-BE\",\"potentialAction\":[{\"@type\":\"ReadAction\",\"target\":[\"https:\\\/\\\/gladiolus.be\\\/index.php\\\/panier\\\/\"]}]},{\"@type\":\"BreadcrumbList\",\"@id\":\"https:\\\/\\\/gladiolus.be\\\/index.php\\\/panier\\\/#breadcrumb\",\"itemListElement\":[{\"@type\":\"ListItem\",\"position\":1,\"name\":\"Home\",\"item\":\"https:\\\/\\\/gladiolus.be\\\/\"},{\"@type\":\"ListItem\",\"position\":2,\"name\":\"Panier\"}]},{\"@type\":\"WebSite\",\"@id\":\"https:\\\/\\\/gladiolus.be\\\/#website\",\"url\":\"https:\\\/\\\/gladiolus.be\\\/\",\"name\":\"Gladiolus\",\"description\":\"Gladiolus\",\"potentialAction\":[{\"@type\":\"SearchAction\",\"target\":{\"@type\":\"EntryPoint\",\"urlTemplate\":\"https:\\\/\\\/gladiolus.be\\\/?s={search_term_string}\"},\"query-input\":{\"@type\":\"PropertyValueSpecification\",\"valueRequired\":true,\"valueName\":\"search_term_string\"}}],\"inLanguage\":\"fr-BE\"}]}<\/script>\n<!-- \/ Yoast SEO plugin. -->","yoast_head_json":{"title":"Panier - Gladiolus","description":"Panier : consultez vos articles pr\u00e9f\u00e9r\u00e9s, modifiez votre s\u00e9lection et passez commande en toute simplicit\u00e9 avec Gladiolus.","robots":{"index":"index","follow":"follow","max-snippet":"max-snippet:-1","max-image-preview":"max-image-preview:large","max-video-preview":"max-video-preview:-1"},"canonical":"https:\/\/gladiolus.be\/index.php\/panier\/","og_locale":"fr_FR","og_type":"article","og_title":"Panier - Gladiolus","og_description":"Panier : consultez vos articles pr\u00e9f\u00e9r\u00e9s, modifiez votre s\u00e9lection et passez commande en toute simplicit\u00e9 avec Gladiolus.","og_url":"https:\/\/gladiolus.be\/index.php\/panier\/","og_site_name":"Gladiolus","article_modified_time":"2024-12-01T21:21:43+00:00","twitter_card":"summary_large_image","twitter_misc":{"Dur\u00e9e de lecture est.":"1 minute"},"schema":{"@context":"https:\/\/schema.org","@graph":[{"@type":"WebPage","@id":"https:\/\/gladiolus.be\/index.php\/panier\/","url":"https:\/\/gladiolus.be\/index.php\/panier\/","name":"Panier - Gladiolus","isPartOf":{"@id":"https:\/\/gladiolus.be\/#website"},"datePublished":"2024-05-27T14:20:21+00:00","dateModified":"2024-12-01T21:21:43+00:00","description":"Panier : consultez vos articles pr\u00e9f\u00e9r\u00e9s, modifiez votre s\u00e9lection et passez commande en toute simplicit\u00e9 avec Gladiolus.","breadcrumb":{"@id":"https:\/\/gladiolus.be\/index.php\/panier\/#breadcrumb"},"inLanguage":"fr-BE","potentialAction":[{"@type":"ReadAction","target":["https:\/\/gladiolus.be\/index.php\/panier\/"]}]},{"@type":"BreadcrumbList","@id":"https:\/\/gladiolus.be\/index.php\/panier\/#breadcrumb","itemListElement":[{"@type":"ListItem","position":1,"name":"Home","item":"https:\/\/gladiolus.be\/"},{"@type":"ListItem","position":2,"name":"Panier"}]},{"@type":"WebSite","@id":"https:\/\/gladiolus.be\/#website","url":"https:\/\/gladiolus.be\/","name":"Gladiolus","description":"Gladiolus","potentialAction":[{"@type":"SearchAction","target":{"@type":"EntryPoint","urlTemplate":"https:\/\/gladiolus.be\/?s={search_term_string}"},"query-input":{"@type":"PropertyValueSpecification","valueRequired":true,"valueName":"search_term_string"}}],"inLanguage":"fr-BE"}]}},"jetpack_sharing_enabled":true,"_links":{"self":[{"href":"https:\/\/gladiolus.be\/index.php\/wp-json\/wp\/v2\/pages\/10","targetHints":{"allow":["GET"]}}],"collection":[{"href":"https:\/\/gladiolus.be\/index.php\/wp-json\/wp\/v2\/pages"}],"about":[{"href":"https:\/\/gladiolus.be\/index.php\/wp-json\/wp\/v2\/types\/page"}],"author":[{"embeddable":true,"href":"https:\/\/gladiolus.be\/index.php\/wp-json\/wp\/v2\/users\/1"}],"replies":[{"embeddable":true,"href":"https:\/\/gladiolus.be\/index.php\/wp-json\/wp\/v2\/comments?post=10"}],"version-history":[{"count":1,"href":"https:\/\/gladiolus.be\/index.php\/wp-json\/wp\/v2\/pages\/10\/revisions"}],"predecessor-version":[{"id":28211,"href":"https:\/\/gladiolus.be\/index.php\/wp-json\/wp\/v2\/pages\/10\/revisions\/28211"}],"wp:attachment":[{"href":"https:\/\/gladiolus.be\/index.php\/wp-json\/wp\/v2\/media?parent=10"}],"curies":[{"name":"wp","href":"https:\/\/api.w.org\/{rel}","templated":true}]}}