{"id":28033,"date":"2024-08-07T17:49:15","date_gmt":"2024-08-07T17:49:15","guid":{"rendered":"https:\/\/gladiolus.be\/?page_id=28033"},"modified":"2024-11-26T09:55:34","modified_gmt":"2024-11-26T09:55:34","slug":"mentions-legales","status":"publish","type":"page","link":"https:\/\/gladiolus.be\/index.php\/mentions-legales\/","title":{"rendered":"Mentions l\u00e9gales"},"content":{"rendered":"\t\t<div data-elementor-type=\"wp-page\" data-elementor-id=\"28033\" class=\"elementor elementor-28033\">\n\t\t\t\t<div class=\"wd-negative-gap elementor-element elementor-element-3824d94 e-flex e-con-boxed e-con e-parent\" data-id=\"3824d94\" data-element_type=\"container\" data-e-type=\"container\">\n\t\t\t\t\t<div class=\"e-con-inner\">\n\t\t\t\t<div class=\"elementor-element elementor-element-f44593f elementor-widget elementor-widget-wd_text_block\" data-id=\"f44593f\" data-element_type=\"widget\" data-e-type=\"widget\" data-widget_type=\"wd_text_block.default\">\n\t\t\t\t<div class=\"elementor-widget-container\">\n\t\t\t\t\t\t\t<div class=\"wd-text-block reset-last-child text-left\">\n\t\t\t\n\t\t\t<h3><strong>Informations l\u00e9gales<\/strong><\/h3><p>Le pr\u00e9sent document constitue les Conditions G\u00e9n\u00e9rales de Location r\u00e9gissant l'utilisation du site web [<a href=\"https:\/\/gladiolus.be\/\">https:\/\/gladiolus.be\/<\/a>] et les transactions commerciales avec <a href=\"https:\/\/gladiolus.be\/\">Gladiolus<\/a> , (Personne physique) , immatricul\u00e9e au Registre du Commerce sous le num\u00e9ro [BE1008065966], dont le si\u00e8ge social est situ\u00e9 \u00e0 [Zaventem 1930].<\/p><h3><strong>Coordonn\u00e9es de Contact<\/strong><\/h3><p>- Adresse du si\u00e8ge social: [Zaventem 1930]<\/p><p>- Num\u00e9ro BCE: [BE1008065966]<\/p><p>- Num\u00e9ro de t\u00e9l\u00e9phone de contact: [<span class=\"list-content\">+32465091580<\/span>]<\/p><p>- Adresse e-mail de contact: [ info.mongladiolus@gmail.com]<\/p><p>- Site web: [<a href=\"https:\/\/gladiolus.be\/\">https:\/\/gladiolus.be\/<\/a>]<\/p><p>Toute correspondance doit \u00eatre adress\u00e9e \u00e0 l'attention du Service Client \u00e0 l'adresse [info@gladiolus.com] ou par courrier \u00e0 l'adresse du si\u00e8ge social.<\/p>\n\t\t\t\t\t<\/div>\n\t\t\t\t\t\t<\/div>\n\t\t\t\t<\/div>\n\t\t\t\t\t<\/div>\n\t\t\t\t<\/div>\n\t\t\t\t<\/div>\n\t\t","protected":false},"excerpt":{"rendered":"<p>Informations l\u00e9gales Le pr\u00e9sent document constitue les Conditions G\u00e9n\u00e9rales de Location r\u00e9gissant l&rsquo;utilisation du site web [https:\/\/gladiolus.be\/] et les transactions<\/p>\n","protected":false},"author":1,"featured_media":0,"parent":0,"menu_order":0,"comment_status":"closed","ping_status":"closed","template":"","meta":{"footnotes":""},"class_list":["post-28033","page","type-page","status-publish","hentry"],"yoast_head":"<!-- This site is optimized with the Yoast SEO plugin v27.3 - https:\/\/yoast.com\/product\/yoast-seo-wordpress\/ -->\n<title>Mentions l\u00e9gales - Gladiolus<\/title>\n<meta name=\"description\" content=\"Consultez nos mentions l\u00e9gales pour toutes les informations juridiques et nos coordonn\u00e9es pour conna\u00eetre vos droits et nos conditions.\" \/>\n<meta name=\"robots\" content=\"index, follow, max-snippet:-1, max-image-preview:large, max-video-preview:-1\" \/>\n<link rel=\"canonical\" href=\"https:\/\/gladiolus.be\/index.php\/mentions-legales\/\" \/>\n<meta property=\"og:locale\" content=\"fr_FR\" \/>\n<meta property=\"og:type\" content=\"article\" \/>\n<meta property=\"og:title\" content=\"Mentions l\u00e9gales - Gladiolus\" \/>\n<meta property=\"og:description\" content=\"Consultez nos mentions l\u00e9gales pour toutes les informations juridiques et nos coordonn\u00e9es pour conna\u00eetre vos droits et nos conditions.\" \/>\n<meta property=\"og:url\" content=\"https:\/\/gladiolus.be\/index.php\/mentions-legales\/\" \/>\n<meta property=\"og:site_name\" content=\"Gladiolus\" \/>\n<meta property=\"article:modified_time\" content=\"2024-11-26T09:55:34+00:00\" \/>\n<meta name=\"twitter:card\" content=\"summary_large_image\" \/>\n<meta name=\"twitter:label1\" content=\"Dur\u00e9e de lecture est.\" \/>\n\t<meta name=\"twitter:data1\" content=\"1 minute\" \/>\n<script type=\"application\/ld+json\" class=\"yoast-schema-graph\">{\"@context\":\"https:\\\/\\\/schema.org\",\"@graph\":[{\"@type\":\"WebPage\",\"@id\":\"https:\\\/\\\/gladiolus.be\\\/index.php\\\/mentions-legales\\\/\",\"url\":\"https:\\\/\\\/gladiolus.be\\\/index.php\\\/mentions-legales\\\/\",\"name\":\"Mentions l\u00e9gales - Gladiolus\",\"isPartOf\":{\"@id\":\"https:\\\/\\\/gladiolus.be\\\/#website\"},\"datePublished\":\"2024-08-07T17:49:15+00:00\",\"dateModified\":\"2024-11-26T09:55:34+00:00\",\"description\":\"Consultez nos mentions l\u00e9gales pour toutes les informations juridiques et nos coordonn\u00e9es pour conna\u00eetre vos droits et nos conditions.\",\"breadcrumb\":{\"@id\":\"https:\\\/\\\/gladiolus.be\\\/index.php\\\/mentions-legales\\\/#breadcrumb\"},\"inLanguage\":\"fr-BE\",\"potentialAction\":[{\"@type\":\"ReadAction\",\"target\":[\"https:\\\/\\\/gladiolus.be\\\/index.php\\\/mentions-legales\\\/\"]}]},{\"@type\":\"BreadcrumbList\",\"@id\":\"https:\\\/\\\/gladiolus.be\\\/index.php\\\/mentions-legales\\\/#breadcrumb\",\"itemListElement\":[{\"@type\":\"ListItem\",\"position\":1,\"name\":\"Home\",\"item\":\"https:\\\/\\\/gladiolus.be\\\/\"},{\"@type\":\"ListItem\",\"position\":2,\"name\":\"Mentions l\u00e9gales\"}]},{\"@type\":\"WebSite\",\"@id\":\"https:\\\/\\\/gladiolus.be\\\/#website\",\"url\":\"https:\\\/\\\/gladiolus.be\\\/\",\"name\":\"Gladiolus\",\"description\":\"Gladiolus\",\"potentialAction\":[{\"@type\":\"SearchAction\",\"target\":{\"@type\":\"EntryPoint\",\"urlTemplate\":\"https:\\\/\\\/gladiolus.be\\\/?s={search_term_string}\"},\"query-input\":{\"@type\":\"PropertyValueSpecification\",\"valueRequired\":true,\"valueName\":\"search_term_string\"}}],\"inLanguage\":\"fr-BE\"}]}<\/script>\n<!-- \/ Yoast SEO plugin. -->","yoast_head_json":{"title":"Mentions l\u00e9gales - Gladiolus","description":"Consultez nos mentions l\u00e9gales pour toutes les informations juridiques et nos coordonn\u00e9es pour conna\u00eetre vos droits et nos conditions.","robots":{"index":"index","follow":"follow","max-snippet":"max-snippet:-1","max-image-preview":"max-image-preview:large","max-video-preview":"max-video-preview:-1"},"canonical":"https:\/\/gladiolus.be\/index.php\/mentions-legales\/","og_locale":"fr_FR","og_type":"article","og_title":"Mentions l\u00e9gales - Gladiolus","og_description":"Consultez nos mentions l\u00e9gales pour toutes les informations juridiques et nos coordonn\u00e9es pour conna\u00eetre vos droits et nos conditions.","og_url":"https:\/\/gladiolus.be\/index.php\/mentions-legales\/","og_site_name":"Gladiolus","article_modified_time":"2024-11-26T09:55:34+00:00","twitter_card":"summary_large_image","twitter_misc":{"Dur\u00e9e de lecture est.":"1 minute"},"schema":{"@context":"https:\/\/schema.org","@graph":[{"@type":"WebPage","@id":"https:\/\/gladiolus.be\/index.php\/mentions-legales\/","url":"https:\/\/gladiolus.be\/index.php\/mentions-legales\/","name":"Mentions l\u00e9gales - Gladiolus","isPartOf":{"@id":"https:\/\/gladiolus.be\/#website"},"datePublished":"2024-08-07T17:49:15+00:00","dateModified":"2024-11-26T09:55:34+00:00","description":"Consultez nos mentions l\u00e9gales pour toutes les informations juridiques et nos coordonn\u00e9es pour conna\u00eetre vos droits et nos conditions.","breadcrumb":{"@id":"https:\/\/gladiolus.be\/index.php\/mentions-legales\/#breadcrumb"},"inLanguage":"fr-BE","potentialAction":[{"@type":"ReadAction","target":["https:\/\/gladiolus.be\/index.php\/mentions-legales\/"]}]},{"@type":"BreadcrumbList","@id":"https:\/\/gladiolus.be\/index.php\/mentions-legales\/#breadcrumb","itemListElement":[{"@type":"ListItem","position":1,"name":"Home","item":"https:\/\/gladiolus.be\/"},{"@type":"ListItem","position":2,"name":"Mentions l\u00e9gales"}]},{"@type":"WebSite","@id":"https:\/\/gladiolus.be\/#website","url":"https:\/\/gladiolus.be\/","name":"Gladiolus","description":"Gladiolus","potentialAction":[{"@type":"SearchAction","target":{"@type":"EntryPoint","urlTemplate":"https:\/\/gladiolus.be\/?s={search_term_string}"},"query-input":{"@type":"PropertyValueSpecification","valueRequired":true,"valueName":"search_term_string"}}],"inLanguage":"fr-BE"}]}},"jetpack_sharing_enabled":true,"_links":{"self":[{"href":"https:\/\/gladiolus.be\/index.php\/wp-json\/wp\/v2\/pages\/28033","targetHints":{"allow":["GET"]}}],"collection":[{"href":"https:\/\/gladiolus.be\/index.php\/wp-json\/wp\/v2\/pages"}],"about":[{"href":"https:\/\/gladiolus.be\/index.php\/wp-json\/wp\/v2\/types\/page"}],"author":[{"embeddable":true,"href":"https:\/\/gladiolus.be\/index.php\/wp-json\/wp\/v2\/users\/1"}],"replies":[{"embeddable":true,"href":"https:\/\/gladiolus.be\/index.php\/wp-json\/wp\/v2\/comments?post=28033"}],"version-history":[{"count":10,"href":"https:\/\/gladiolus.be\/index.php\/wp-json\/wp\/v2\/pages\/28033\/revisions"}],"predecessor-version":[{"id":28447,"href":"https:\/\/gladiolus.be\/index.php\/wp-json\/wp\/v2\/pages\/28033\/revisions\/28447"}],"wp:attachment":[{"href":"https:\/\/gladiolus.be\/index.php\/wp-json\/wp\/v2\/media?parent=28033"}],"curies":[{"name":"wp","href":"https:\/\/api.w.org\/{rel}","templated":true}]}}