{"id":28039,"date":"2024-08-07T18:10:58","date_gmt":"2024-08-07T18:10:58","guid":{"rendered":"https:\/\/gladiolus.be\/?page_id=28039"},"modified":"2024-11-26T09:57:01","modified_gmt":"2024-11-26T09:57:01","slug":"conditions-generales-de-vente","status":"publish","type":"page","link":"https:\/\/gladiolus.be\/index.php\/conditions-generales-de-vente\/","title":{"rendered":"Conditions g\u00e9n\u00e9rales de vente"},"content":{"rendered":"\t\t<div data-elementor-type=\"wp-page\" data-elementor-id=\"28039\" class=\"elementor elementor-28039\">\n\t\t\t\t<div class=\"wd-negative-gap elementor-element elementor-element-ea680f5 e-flex e-con-boxed e-con e-parent\" data-id=\"ea680f5\" data-element_type=\"container\" data-e-type=\"container\">\n\t\t\t\t\t<div class=\"e-con-inner\">\n\t\t\t\t<div class=\"elementor-element elementor-element-7452f23 elementor-widget elementor-widget-wd_text_block\" data-id=\"7452f23\" data-element_type=\"widget\" data-e-type=\"widget\" data-widget_type=\"wd_text_block.default\">\n\t\t\t\t<div class=\"elementor-widget-container\">\n\t\t\t\t\t\t\t<div class=\"wd-text-block reset-last-child text-left\">\n\t\t\t\n\t\t\t<h3><strong>Informations l\u00e9gales<\/strong><\/h3><p>Le pr\u00e9sent document constitue les Conditions G\u00e9n\u00e9rales de Vente r\u00e9gissant l'utilisation du site web de <a href=\"https:\/\/gladiolus.be\/\">Gladiolus<\/a>. [ <a href=\"https:\/\/gladiolus.be\/\">https:\/\/gladiolus.be\/<\/a>] et les transactions commerciales avec <a href=\"https:\/\/gladiolus.be\/\">Gladiolus<\/a> , \u00a0(Personne physique) , immatricul\u00e9e au Registre du Commerce sous le num\u00e9ro [BE1008065966], dont le si\u00e8ge social est situ\u00e9 \u00e0 [Zaventem 1930].<\/p><h3>Produits<\/h3><p><a href=\"https:\/\/gladiolus.be\/\">Gladiolus<\/a> propose la vente de bijoux \u00e9l\u00e9gants tels que bagues, colliers, bracelets et boucles d'oreilles pour des occasions sp\u00e9ciales.<\/p><h3>Commande et Paiement<\/h3><p>Le processus de commande est initi\u00e9 par le Client via le site web . Le paiement doit \u00eatre effectu\u00e9 en ligne au moment de la commande.<\/p><h3>Livraison<\/h3><p>Gladiolus propose la livraison de vos bijoux directement \u00e0 l'adresse indiqu\u00e9e lors de la commande. Les modalit\u00e9s de livraison vous seront pr\u00e9cis\u00e9es lors de la confirmation de votre commande.<\/p><h3>R\u00e9tractation<\/h3><p>La p\u00e9riode de r\u00e9tractation de quatorze (14) jours calendaires commence \u00e0 compter de la conclusion du contrat, soit le jour o\u00f9 le Client re\u00e7oit le r\u00e9capitulatif de sa commande par e-mail. Pour plus de d\u00e9tails, consultez les <a href=\"https:\/\/gladiolus.be\/index.php\/droit-de-retractation\/\">Conditions de R\u00e9tractation<\/a>.<\/p><h3>Responsabilit\u00e9<\/h3><p><a href=\"https:\/\/gladiolus.be\/\">Gladiolus<\/a> d\u00e9cline toute responsabilit\u00e9 pour tout dommage, perte ou pr\u00e9judice direct, indirect, mat\u00e9riel, ou immat\u00e9riel r\u00e9sultant de l'utilisation des produits vendus. Il est de la responsabilit\u00e9 du Client de v\u00e9rifier l'\u00e9tat des produits \u00e0 la r\u00e9ception et de signaler imm\u00e9diatement tout d\u00e9faut ou dommage.<\/p><p><a href=\"https:\/\/gladiolus.be\/\">Gladiolus<\/a> ne peut \u00eatre tenu responsable des retards, interruptions, ou erreurs dans la livraison des produits, sauf en cas de n\u00e9gligence grave ou de faute intentionnelle.<\/p><p>Le Client est responsable de l'utilisation correcte des produits achet\u00e9s conform\u00e9ment aux instructions fournies. Tout usage inappropri\u00e9 ou non conforme aux recommandations d\u00e9gage <a href=\"https:\/\/gladiolus.be\/\">Gladiolus<\/a> de toute responsabilit\u00e9.<\/p><p>En cas de litige, la responsabilit\u00e9 totale de <a href=\"https:\/\/gladiolus.be\/\">Gladiolus<\/a> est limit\u00e9e au montant total pay\u00e9 par le Client pour l'achat des produits.<\/p><h3><strong>Service Client<\/strong><\/h3><p>Pour toute question ou r\u00e9clamation, le Service Client du Yakalou est disponible \u00e0 l'adresse [info.mongladiolus@gmail.com] ou par t\u00e9l\u00e9phone au [+32465091580].<\/p>\n\t\t\t\t\t<\/div>\n\t\t\t\t\t\t<\/div>\n\t\t\t\t<\/div>\n\t\t\t\t\t<\/div>\n\t\t\t\t<\/div>\n\t\t\t\t<\/div>\n\t\t","protected":false},"excerpt":{"rendered":"<p>Informations l\u00e9gales Le pr\u00e9sent document constitue les Conditions G\u00e9n\u00e9rales de Vente r\u00e9gissant l&rsquo;utilisation du site web de Gladiolus. [ https:\/\/gladiolus.be\/]<\/p>\n","protected":false},"author":1,"featured_media":0,"parent":0,"menu_order":0,"comment_status":"closed","ping_status":"closed","template":"","meta":{"footnotes":""},"class_list":["post-28039","page","type-page","status-publish","hentry"],"yoast_head":"<!-- This site is optimized with the Yoast SEO plugin v27.3 - https:\/\/yoast.com\/product\/yoast-seo-wordpress\/ -->\n<title>Conditions g\u00e9n\u00e9rales de vente - Gladiolus<\/title>\n<meta name=\"description\" content=\"D\u00e9couvrez nos conditions g\u00e9n\u00e9rales de vente, incluant modalit\u00e9s de commande, conditions de paiement et droits des consommateurs\" \/>\n<meta name=\"robots\" content=\"index, follow, max-snippet:-1, max-image-preview:large, max-video-preview:-1\" \/>\n<link rel=\"canonical\" href=\"https:\/\/gladiolus.be\/index.php\/conditions-generales-de-vente\/\" \/>\n<meta property=\"og:locale\" content=\"fr_FR\" \/>\n<meta property=\"og:type\" content=\"article\" \/>\n<meta property=\"og:title\" content=\"Conditions g\u00e9n\u00e9rales de vente - Gladiolus\" \/>\n<meta property=\"og:description\" content=\"D\u00e9couvrez nos conditions g\u00e9n\u00e9rales de vente, incluant modalit\u00e9s de commande, conditions de paiement et droits des consommateurs\" \/>\n<meta property=\"og:url\" content=\"https:\/\/gladiolus.be\/index.php\/conditions-generales-de-vente\/\" \/>\n<meta property=\"og:site_name\" content=\"Gladiolus\" \/>\n<meta property=\"article:modified_time\" content=\"2024-11-26T09:57:01+00:00\" \/>\n<meta name=\"twitter:card\" content=\"summary_large_image\" \/>\n<meta name=\"twitter:label1\" content=\"Dur\u00e9e de lecture est.\" \/>\n\t<meta name=\"twitter:data1\" content=\"2 minutes\" \/>\n<script type=\"application\/ld+json\" class=\"yoast-schema-graph\">{\"@context\":\"https:\\\/\\\/schema.org\",\"@graph\":[{\"@type\":\"WebPage\",\"@id\":\"https:\\\/\\\/gladiolus.be\\\/index.php\\\/conditions-generales-de-vente\\\/\",\"url\":\"https:\\\/\\\/gladiolus.be\\\/index.php\\\/conditions-generales-de-vente\\\/\",\"name\":\"Conditions g\u00e9n\u00e9rales de vente - Gladiolus\",\"isPartOf\":{\"@id\":\"https:\\\/\\\/gladiolus.be\\\/#website\"},\"datePublished\":\"2024-08-07T18:10:58+00:00\",\"dateModified\":\"2024-11-26T09:57:01+00:00\",\"description\":\"D\u00e9couvrez nos conditions g\u00e9n\u00e9rales de vente, incluant modalit\u00e9s de commande, conditions de paiement et droits des consommateurs\",\"breadcrumb\":{\"@id\":\"https:\\\/\\\/gladiolus.be\\\/index.php\\\/conditions-generales-de-vente\\\/#breadcrumb\"},\"inLanguage\":\"fr-BE\",\"potentialAction\":[{\"@type\":\"ReadAction\",\"target\":[\"https:\\\/\\\/gladiolus.be\\\/index.php\\\/conditions-generales-de-vente\\\/\"]}]},{\"@type\":\"BreadcrumbList\",\"@id\":\"https:\\\/\\\/gladiolus.be\\\/index.php\\\/conditions-generales-de-vente\\\/#breadcrumb\",\"itemListElement\":[{\"@type\":\"ListItem\",\"position\":1,\"name\":\"Home\",\"item\":\"https:\\\/\\\/gladiolus.be\\\/\"},{\"@type\":\"ListItem\",\"position\":2,\"name\":\"Conditions g\u00e9n\u00e9rales de vente\"}]},{\"@type\":\"WebSite\",\"@id\":\"https:\\\/\\\/gladiolus.be\\\/#website\",\"url\":\"https:\\\/\\\/gladiolus.be\\\/\",\"name\":\"Gladiolus\",\"description\":\"Gladiolus\",\"potentialAction\":[{\"@type\":\"SearchAction\",\"target\":{\"@type\":\"EntryPoint\",\"urlTemplate\":\"https:\\\/\\\/gladiolus.be\\\/?s={search_term_string}\"},\"query-input\":{\"@type\":\"PropertyValueSpecification\",\"valueRequired\":true,\"valueName\":\"search_term_string\"}}],\"inLanguage\":\"fr-BE\"}]}<\/script>\n<!-- \/ Yoast SEO plugin. -->","yoast_head_json":{"title":"Conditions g\u00e9n\u00e9rales de vente - Gladiolus","description":"D\u00e9couvrez nos conditions g\u00e9n\u00e9rales de vente, incluant modalit\u00e9s de commande, conditions de paiement et droits des consommateurs","robots":{"index":"index","follow":"follow","max-snippet":"max-snippet:-1","max-image-preview":"max-image-preview:large","max-video-preview":"max-video-preview:-1"},"canonical":"https:\/\/gladiolus.be\/index.php\/conditions-generales-de-vente\/","og_locale":"fr_FR","og_type":"article","og_title":"Conditions g\u00e9n\u00e9rales de vente - Gladiolus","og_description":"D\u00e9couvrez nos conditions g\u00e9n\u00e9rales de vente, incluant modalit\u00e9s de commande, conditions de paiement et droits des consommateurs","og_url":"https:\/\/gladiolus.be\/index.php\/conditions-generales-de-vente\/","og_site_name":"Gladiolus","article_modified_time":"2024-11-26T09:57:01+00:00","twitter_card":"summary_large_image","twitter_misc":{"Dur\u00e9e de lecture est.":"2 minutes"},"schema":{"@context":"https:\/\/schema.org","@graph":[{"@type":"WebPage","@id":"https:\/\/gladiolus.be\/index.php\/conditions-generales-de-vente\/","url":"https:\/\/gladiolus.be\/index.php\/conditions-generales-de-vente\/","name":"Conditions g\u00e9n\u00e9rales de vente - Gladiolus","isPartOf":{"@id":"https:\/\/gladiolus.be\/#website"},"datePublished":"2024-08-07T18:10:58+00:00","dateModified":"2024-11-26T09:57:01+00:00","description":"D\u00e9couvrez nos conditions g\u00e9n\u00e9rales de vente, incluant modalit\u00e9s de commande, conditions de paiement et droits des consommateurs","breadcrumb":{"@id":"https:\/\/gladiolus.be\/index.php\/conditions-generales-de-vente\/#breadcrumb"},"inLanguage":"fr-BE","potentialAction":[{"@type":"ReadAction","target":["https:\/\/gladiolus.be\/index.php\/conditions-generales-de-vente\/"]}]},{"@type":"BreadcrumbList","@id":"https:\/\/gladiolus.be\/index.php\/conditions-generales-de-vente\/#breadcrumb","itemListElement":[{"@type":"ListItem","position":1,"name":"Home","item":"https:\/\/gladiolus.be\/"},{"@type":"ListItem","position":2,"name":"Conditions g\u00e9n\u00e9rales de vente"}]},{"@type":"WebSite","@id":"https:\/\/gladiolus.be\/#website","url":"https:\/\/gladiolus.be\/","name":"Gladiolus","description":"Gladiolus","potentialAction":[{"@type":"SearchAction","target":{"@type":"EntryPoint","urlTemplate":"https:\/\/gladiolus.be\/?s={search_term_string}"},"query-input":{"@type":"PropertyValueSpecification","valueRequired":true,"valueName":"search_term_string"}}],"inLanguage":"fr-BE"}]}},"jetpack_sharing_enabled":true,"_links":{"self":[{"href":"https:\/\/gladiolus.be\/index.php\/wp-json\/wp\/v2\/pages\/28039","targetHints":{"allow":["GET"]}}],"collection":[{"href":"https:\/\/gladiolus.be\/index.php\/wp-json\/wp\/v2\/pages"}],"about":[{"href":"https:\/\/gladiolus.be\/index.php\/wp-json\/wp\/v2\/types\/page"}],"author":[{"embeddable":true,"href":"https:\/\/gladiolus.be\/index.php\/wp-json\/wp\/v2\/users\/1"}],"replies":[{"embeddable":true,"href":"https:\/\/gladiolus.be\/index.php\/wp-json\/wp\/v2\/comments?post=28039"}],"version-history":[{"count":16,"href":"https:\/\/gladiolus.be\/index.php\/wp-json\/wp\/v2\/pages\/28039\/revisions"}],"predecessor-version":[{"id":28450,"href":"https:\/\/gladiolus.be\/index.php\/wp-json\/wp\/v2\/pages\/28039\/revisions\/28450"}],"wp:attachment":[{"href":"https:\/\/gladiolus.be\/index.php\/wp-json\/wp\/v2\/media?parent=28039"}],"curies":[{"name":"wp","href":"https:\/\/api.w.org\/{rel}","templated":true}]}}