{"id":28045,"date":"2024-08-07T18:17:19","date_gmt":"2024-08-07T18:17:19","guid":{"rendered":"https:\/\/gladiolus.be\/?page_id=28045"},"modified":"2024-12-01T21:43:43","modified_gmt":"2024-12-01T21:43:43","slug":"politique-de-confidentialite","status":"publish","type":"page","link":"https:\/\/gladiolus.be\/index.php\/politique-de-confidentialite\/","title":{"rendered":"Politique de confidentialit\u00e9"},"content":{"rendered":"\t\t<div data-elementor-type=\"wp-page\" data-elementor-id=\"28045\" class=\"elementor elementor-28045\">\n\t\t\t\t<div class=\"elementor-element elementor-element-b191d8e e-flex e-con-boxed e-con e-parent\" data-id=\"b191d8e\" data-element_type=\"container\" data-e-type=\"container\">\n\t\t\t\t\t<div class=\"e-con-inner\">\n\t\t\t\t<div class=\"elementor-element elementor-element-a60941c wd-width-100 elementor-widget elementor-widget-wd_title\" data-id=\"a60941c\" data-element_type=\"widget\" data-e-type=\"widget\" data-widget_type=\"wd_title.default\">\n\t\t\t\t<div class=\"elementor-widget-container\">\n\t\t\t\t\t\t\t<div class=\"title-wrapper set-mb-s reset-last-child wd-title-color-default wd-title-style-default wd-title-size-default text-center\">\n\n\t\t\t\n\t\t\t<div class=\"liner-continer\">\n\t\t\t\t<h4 class=\"woodmart-title-container title wd-fontsize-l\">Politique de Confidentialit\u00e9<br \/>\n<\/h4> \n\t\t\t\t\t\t\t<\/div>\n\n\t\t\t\t\t\t\t<div class=\"title-after_title set-cont-mb-s reset-last-child wd-fontsize-xs\">\n\t\t\t\t\t<p>Chez Gladiolus, la confidentialit\u00e9 de nos clients est d'une importance capitale. Cette politique de confidentialit\u00e9 explique comment nous collectons, utilisons, stockons et prot\u00e9geons vos informations personnelles lorsque vous utilisez notre site web.<\/p><p>\u00a0<\/p>\t\t\t\t<\/div>\n\t\t\t\t\t<\/div>\n\t\t\t\t\t\t<\/div>\n\t\t\t\t<\/div>\n\t\t\t\t\t<\/div>\n\t\t\t\t<\/div>\n\t\t<div class=\"elementor-element elementor-element-c52f070 e-flex e-con-boxed e-con e-parent\" data-id=\"c52f070\" data-element_type=\"container\" data-e-type=\"container\">\n\t\t\t\t\t<div class=\"e-con-inner\">\n\t\t\t\t<div class=\"elementor-element elementor-element-7962c98 elementor-widget elementor-widget-wd_accordion\" data-id=\"7962c98\" data-element_type=\"widget\" data-e-type=\"widget\" data-widget_type=\"wd_accordion.default\">\n\t\t\t\t<div class=\"elementor-widget-container\">\n\t\t\t\t\t\n\t\t<div class=\"wd-accordion wd-style-default\" data-state=\"first\">\n\t\t\t\t\t\t\t\n\t\t\t\t<div class=\"wd-accordion-item\">\n\t\t\t\t\t<div class=\"wd-accordion-title wd-active text-left wd-opener-pos-left\" data-accordion-index=\"0\">\n\t\t\t\t\t\t<div class=\"wd-accordion-title-text\">\n\t\t\t\t\t\t\t\t\t\t\t\t\t\t<span>\n\t\t\t\t\t\t\t\t1. Collecte des Informations\t\t\t\t\t\t\t<\/span>\n\t\t\t\t\t\t<\/div>\n\t\t\t\t\t\t<span class=\"wd-accordion-opener wd-opener-style-arrow\"><\/span>\n\t\t\t\t\t<\/div>\n\n\t\t\t\t\t<div class=\"wd-accordion-content reset-last-child wd-active\" data-accordion-index=\"0\">\n\t\t\t\t\t\t\t\t\t\t\t\t\t\n\t\t\t\t\t\t\t<p>Nous recueillons diff\u00e9rentes informations pour mieux comprendre vos besoins et vous offrir une meilleure exp\u00e9rience utilisateur. Les types d'informations que nous collectons incluent :<\/p><ul><li><strong>Informations Personnelles<\/strong> : Nom, adresse, adresse e-mail, num\u00e9ro de t\u00e9l\u00e9phone, et toute autre information que vous fournissez volontairement lors de votre inscription ou de vos achats.<\/li><li><strong>Informations de Paiement<\/strong> : Les d\u00e9tails de votre carte de cr\u00e9dit ou autres moyens de paiement sont collect\u00e9s uniquement pour traiter vos transactions. Nous utilisons des services de paiement s\u00e9curis\u00e9s pour garantir la protection de vos donn\u00e9es.<\/li><li><strong>Informations Automatiques<\/strong> : Lorsque vous naviguez sur notre site, nous collectons des informations telles que l'adresse IP, le type de navigateur, et les pages visit\u00e9es, \u00e0 des fins d'analyse et d'am\u00e9lioration de nos services.<\/li><\/ul>\n\t\t\t\t\t\t\t\t\t\t\t\t\t\t\t\t\t\t<\/div>\n\t\t\t\t<\/div>\n\t\t\t\t\t\t\t\n\t\t\t\t<div class=\"wd-accordion-item\">\n\t\t\t\t\t<div class=\"wd-accordion-title text-left wd-opener-pos-left\" data-accordion-index=\"1\">\n\t\t\t\t\t\t<div class=\"wd-accordion-title-text\">\n\t\t\t\t\t\t\t\t\t\t\t\t\t\t<span>\n\t\t\t\t\t\t\t\t2. Utilisation des Informations\t\t\t\t\t\t\t<\/span>\n\t\t\t\t\t\t<\/div>\n\t\t\t\t\t\t<span class=\"wd-accordion-opener wd-opener-style-arrow\"><\/span>\n\t\t\t\t\t<\/div>\n\n\t\t\t\t\t<div class=\"wd-accordion-content reset-last-child\" data-accordion-index=\"1\">\n\t\t\t\t\t\t\t\t\t\t\t\t\t\n\t\t\t\t\t\t\t<p>Les informations que nous collectons sont utilis\u00e9es pour :<\/p><ul><li><strong>Traitement des Commandes<\/strong> : G\u00e9rer vos commandes, exp\u00e9ditions, et retours.<\/li><li><strong>Am\u00e9lioration du Service Client<\/strong> : R\u00e9pondre \u00e0 vos demandes, personnaliser votre exp\u00e9rience, et am\u00e9liorer notre offre.<\/li><li><strong>Marketing et Communication<\/strong> : Vous envoyer des mises \u00e0 jour, offres sp\u00e9ciales, et newsletters si vous avez donn\u00e9 votre consentement. Vous pouvez \u00e0 tout moment vous d\u00e9sinscrire de ces communications.<\/li><li><strong>S\u00e9curit\u00e9<\/strong> : Prot\u00e9ger notre site contre la fraude et garantir la s\u00e9curit\u00e9 de vos donn\u00e9es.<\/li><\/ul>\n\t\t\t\t\t\t\t\t\t\t\t\t\t\t\t\t\t\t<\/div>\n\t\t\t\t<\/div>\n\t\t\t\t\t\t\t\n\t\t\t\t<div class=\"wd-accordion-item\">\n\t\t\t\t\t<div class=\"wd-accordion-title text-left wd-opener-pos-left\" data-accordion-index=\"2\">\n\t\t\t\t\t\t<div class=\"wd-accordion-title-text\">\n\t\t\t\t\t\t\t\t\t\t\t\t\t\t<span>\n\t\t\t\t\t\t\t\t3. Partage des Informations\t\t\t\t\t\t\t<\/span>\n\t\t\t\t\t\t<\/div>\n\t\t\t\t\t\t<span class=\"wd-accordion-opener wd-opener-style-arrow\"><\/span>\n\t\t\t\t\t<\/div>\n\n\t\t\t\t\t<div class=\"wd-accordion-content reset-last-child\" data-accordion-index=\"2\">\n\t\t\t\t\t\t\t\t\t\t\t\t\t\n\t\t\t\t\t\t\t<p>Nous nous engageons \u00e0 ne pas vendre, louer ou partager vos informations personnelles avec des tiers, sauf dans les cas suivants :<\/p><ul><li><strong>Prestataires de Service<\/strong> : Nous pouvons partager vos informations avec des tiers de confiance qui nous aident \u00e0 exploiter notre site, traiter les paiements, ou livrer les produits, \u00e0 condition qu'ils respectent la confidentialit\u00e9 de vos donn\u00e9es.<\/li><li><strong>Conformit\u00e9 L\u00e9gale<\/strong> : Si la loi l'exige, nous pouvons divulguer vos informations personnelles pour prot\u00e9ger nos droits ou nous conformer \u00e0 une proc\u00e9dure judiciaire.<\/li><\/ul>\n\t\t\t\t\t\t\t\t\t\t\t\t\t\t\t\t\t\t<\/div>\n\t\t\t\t<\/div>\n\t\t\t\t\t\t\t\n\t\t\t\t<div class=\"wd-accordion-item\">\n\t\t\t\t\t<div class=\"wd-accordion-title text-left wd-opener-pos-left\" data-accordion-index=\"3\">\n\t\t\t\t\t\t<div class=\"wd-accordion-title-text\">\n\t\t\t\t\t\t\t\t\t\t\t\t\t\t<span>\n\t\t\t\t\t\t\t\t4. Cookies\t\t\t\t\t\t\t<\/span>\n\t\t\t\t\t\t<\/div>\n\t\t\t\t\t\t<span class=\"wd-accordion-opener wd-opener-style-arrow\"><\/span>\n\t\t\t\t\t<\/div>\n\n\t\t\t\t\t<div class=\"wd-accordion-content reset-last-child\" data-accordion-index=\"3\">\n\t\t\t\t\t\t\t\t\t\t\t\t\t\n\t\t\t\t\t\t\t<p>Nous utilisons des cookies pour am\u00e9liorer votre exp\u00e9rience sur notre site. Les cookies nous permettent de m\u00e9moriser vos pr\u00e9f\u00e9rences, de personnaliser le contenu, et de suivre l'utilisation du site \u00e0 des fins d'analyse. Vous pouvez choisir de d\u00e9sactiver les cookies via les param\u00e8tres de votre navigateur, mais cela peut affecter certaines fonctionnalit\u00e9s du site.<\/p>\n\t\t\t\t\t\t\t\t\t\t\t\t\t\t\t\t\t\t<\/div>\n\t\t\t\t<\/div>\n\t\t\t\t\t\t\t\n\t\t\t\t<div class=\"wd-accordion-item\">\n\t\t\t\t\t<div class=\"wd-accordion-title text-left wd-opener-pos-left\" data-accordion-index=\"4\">\n\t\t\t\t\t\t<div class=\"wd-accordion-title-text\">\n\t\t\t\t\t\t\t\t\t\t\t\t\t\t<span>\n\t\t\t\t\t\t\t\t5. S\u00e9curit\u00e9 des Donn\u00e9es\t\t\t\t\t\t\t<\/span>\n\t\t\t\t\t\t<\/div>\n\t\t\t\t\t\t<span class=\"wd-accordion-opener wd-opener-style-arrow\"><\/span>\n\t\t\t\t\t<\/div>\n\n\t\t\t\t\t<div class=\"wd-accordion-content reset-last-child\" data-accordion-index=\"4\">\n\t\t\t\t\t\t\t\t\t\t\t\t\t\n\t\t\t\t\t\t\t<p>Nous mettons en place des mesures de s\u00e9curit\u00e9 pour prot\u00e9ger vos informations personnelles contre l'acc\u00e8s non autoris\u00e9, la modification, la divulgation ou la destruction. Nous utilisons des technologies de cryptage pour garantir la s\u00e9curit\u00e9 de vos transactions en ligne.<\/p>\n\t\t\t\t\t\t\t\t\t\t\t\t\t\t\t\t\t\t<\/div>\n\t\t\t\t<\/div>\n\t\t\t\t\t\t\t\n\t\t\t\t<div class=\"wd-accordion-item\">\n\t\t\t\t\t<div class=\"wd-accordion-title text-left wd-opener-pos-left\" data-accordion-index=\"5\">\n\t\t\t\t\t\t<div class=\"wd-accordion-title-text\">\n\t\t\t\t\t\t\t\t\t\t\t\t\t\t<span>\n\t\t\t\t\t\t\t\t6. Vos Droits\t\t\t\t\t\t\t<\/span>\n\t\t\t\t\t\t<\/div>\n\t\t\t\t\t\t<span class=\"wd-accordion-opener wd-opener-style-arrow\"><\/span>\n\t\t\t\t\t<\/div>\n\n\t\t\t\t\t<div class=\"wd-accordion-content reset-last-child\" data-accordion-index=\"5\">\n\t\t\t\t\t\t\t\t\t\t\t\t\t\n\t\t\t\t\t\t\t<p>Vous avez le droit d'acc\u00e9der, de corriger, de supprimer ou de restreindre l'utilisation de vos informations personnelles. Pour exercer ces droits, veuillez nous contacter \u00e0 [mongladiolus@gmail.com].<\/p>\n\t\t\t\t\t\t\t\t\t\t\t\t\t\t\t\t\t\t<\/div>\n\t\t\t\t<\/div>\n\t\t\t\t\t\t\t\n\t\t\t\t<div class=\"wd-accordion-item\">\n\t\t\t\t\t<div class=\"wd-accordion-title text-left wd-opener-pos-left\" data-accordion-index=\"6\">\n\t\t\t\t\t\t<div class=\"wd-accordion-title-text\">\n\t\t\t\t\t\t\t\t\t\t\t\t\t\t<span>\n\t\t\t\t\t\t\t\t7. Modifications de la Politique\t\t\t\t\t\t\t<\/span>\n\t\t\t\t\t\t<\/div>\n\t\t\t\t\t\t<span class=\"wd-accordion-opener wd-opener-style-arrow\"><\/span>\n\t\t\t\t\t<\/div>\n\n\t\t\t\t\t<div class=\"wd-accordion-content reset-last-child\" data-accordion-index=\"6\">\n\t\t\t\t\t\t\t\t\t\t\t\t\t\n\t\t\t\t\t\t\t<p>Gladiolus se r\u00e9serve le droit de modifier cette politique de confidentialit\u00e9 \u00e0 tout moment. Toute modification sera publi\u00e9e sur cette page, et nous vous encourageons \u00e0 consulter r\u00e9guli\u00e8rement notre politique pour rester inform\u00e9 des mises \u00e0 jour.<\/p>\n\t\t\t\t\t\t\t\t\t\t\t\t\t\t\t\t\t\t<\/div>\n\t\t\t\t<\/div>\n\t\t\t\t\t\t\t\n\t\t\t\t<div class=\"wd-accordion-item\">\n\t\t\t\t\t<div class=\"wd-accordion-title text-left wd-opener-pos-left\" data-accordion-index=\"7\">\n\t\t\t\t\t\t<div class=\"wd-accordion-title-text\">\n\t\t\t\t\t\t\t\t\t\t\t\t\t\t<span>\n\t\t\t\t\t\t\t\t8. Contact\t\t\t\t\t\t\t<\/span>\n\t\t\t\t\t\t<\/div>\n\t\t\t\t\t\t<span class=\"wd-accordion-opener wd-opener-style-arrow\"><\/span>\n\t\t\t\t\t<\/div>\n\n\t\t\t\t\t<div class=\"wd-accordion-content reset-last-child\" data-accordion-index=\"7\">\n\t\t\t\t\t\t\t\t\t\t\t\t\t\n\t\t\t\t\t\t\t<p>Si vous avez des questions ou des pr\u00e9occupations concernant notre politique de confidentialit\u00e9, n'h\u00e9sitez pas \u00e0 nous contacter \u00e0 :<\/p><p><a href=\"https:\/\/gladiolus.be\/\">Gladiolus<\/a><br \/>[info.mongladiolus@gmail.com]<br \/>[+32465091580]<\/p>\n\t\t\t\t\t\t\t\t\t\t\t\t\t\t\t\t\t\t<\/div>\n\t\t\t\t<\/div>\n\t\t\t\t\t<\/div>\n\t\t\t\t\t\t<\/div>\n\t\t\t\t<\/div>\n\t\t\t\t\t<\/div>\n\t\t\t\t<\/div>\n\t\t\t\t<\/div>\n\t\t","protected":false},"excerpt":{"rendered":"<p>Politique de Confidentialit\u00e9 Chez Gladiolus, la confidentialit\u00e9 de nos clients est d&rsquo;une importance capitale. Cette politique de confidentialit\u00e9 explique comment<\/p>\n","protected":false},"author":1,"featured_media":0,"parent":0,"menu_order":0,"comment_status":"closed","ping_status":"closed","template":"","meta":{"footnotes":""},"class_list":["post-28045","page","type-page","status-publish","hentry"],"yoast_head":"<!-- This site is optimized with the Yoast SEO plugin v27.3 - https:\/\/yoast.com\/product\/yoast-seo-wordpress\/ -->\n<title>Politique de confidentialit\u00e9 - Gladiolus<\/title>\n<meta name=\"description\" content=\"Lisez notre politique de confidentialit\u00e9 pour comprendre comment nous prot\u00e9geons vos donn\u00e9es personnelles.\" \/>\n<meta name=\"robots\" content=\"index, follow, max-snippet:-1, max-image-preview:large, max-video-preview:-1\" \/>\n<link rel=\"canonical\" href=\"https:\/\/gladiolus.be\/index.php\/politique-de-confidentialite\/\" \/>\n<meta property=\"og:locale\" content=\"fr_FR\" \/>\n<meta property=\"og:type\" content=\"article\" \/>\n<meta property=\"og:title\" content=\"Politique de confidentialit\u00e9 - Gladiolus\" \/>\n<meta property=\"og:description\" content=\"Lisez notre politique de confidentialit\u00e9 pour comprendre comment nous prot\u00e9geons vos donn\u00e9es personnelles.\" \/>\n<meta property=\"og:url\" content=\"https:\/\/gladiolus.be\/index.php\/politique-de-confidentialite\/\" \/>\n<meta property=\"og:site_name\" content=\"Gladiolus\" \/>\n<meta property=\"article:modified_time\" content=\"2024-12-01T21:43:43+00:00\" \/>\n<meta name=\"twitter:card\" content=\"summary_large_image\" \/>\n<meta name=\"twitter:label1\" content=\"Dur\u00e9e de lecture est.\" \/>\n\t<meta name=\"twitter:data1\" content=\"3 minutes\" \/>\n<script type=\"application\/ld+json\" class=\"yoast-schema-graph\">{\"@context\":\"https:\\\/\\\/schema.org\",\"@graph\":[{\"@type\":\"WebPage\",\"@id\":\"https:\\\/\\\/gladiolus.be\\\/index.php\\\/politique-de-confidentialite\\\/\",\"url\":\"https:\\\/\\\/gladiolus.be\\\/index.php\\\/politique-de-confidentialite\\\/\",\"name\":\"Politique de confidentialit\u00e9 - Gladiolus\",\"isPartOf\":{\"@id\":\"https:\\\/\\\/gladiolus.be\\\/#website\"},\"datePublished\":\"2024-08-07T18:17:19+00:00\",\"dateModified\":\"2024-12-01T21:43:43+00:00\",\"description\":\"Lisez notre politique de confidentialit\u00e9 pour comprendre comment nous prot\u00e9geons vos donn\u00e9es personnelles.\",\"breadcrumb\":{\"@id\":\"https:\\\/\\\/gladiolus.be\\\/index.php\\\/politique-de-confidentialite\\\/#breadcrumb\"},\"inLanguage\":\"fr-BE\",\"potentialAction\":[{\"@type\":\"ReadAction\",\"target\":[\"https:\\\/\\\/gladiolus.be\\\/index.php\\\/politique-de-confidentialite\\\/\"]}]},{\"@type\":\"BreadcrumbList\",\"@id\":\"https:\\\/\\\/gladiolus.be\\\/index.php\\\/politique-de-confidentialite\\\/#breadcrumb\",\"itemListElement\":[{\"@type\":\"ListItem\",\"position\":1,\"name\":\"Home\",\"item\":\"https:\\\/\\\/gladiolus.be\\\/\"},{\"@type\":\"ListItem\",\"position\":2,\"name\":\"Politique de confidentialit\u00e9\"}]},{\"@type\":\"WebSite\",\"@id\":\"https:\\\/\\\/gladiolus.be\\\/#website\",\"url\":\"https:\\\/\\\/gladiolus.be\\\/\",\"name\":\"Gladiolus\",\"description\":\"Gladiolus\",\"potentialAction\":[{\"@type\":\"SearchAction\",\"target\":{\"@type\":\"EntryPoint\",\"urlTemplate\":\"https:\\\/\\\/gladiolus.be\\\/?s={search_term_string}\"},\"query-input\":{\"@type\":\"PropertyValueSpecification\",\"valueRequired\":true,\"valueName\":\"search_term_string\"}}],\"inLanguage\":\"fr-BE\"}]}<\/script>\n<!-- \/ Yoast SEO plugin. -->","yoast_head_json":{"title":"Politique de confidentialit\u00e9 - Gladiolus","description":"Lisez notre politique de confidentialit\u00e9 pour comprendre comment nous prot\u00e9geons vos donn\u00e9es personnelles.","robots":{"index":"index","follow":"follow","max-snippet":"max-snippet:-1","max-image-preview":"max-image-preview:large","max-video-preview":"max-video-preview:-1"},"canonical":"https:\/\/gladiolus.be\/index.php\/politique-de-confidentialite\/","og_locale":"fr_FR","og_type":"article","og_title":"Politique de confidentialit\u00e9 - Gladiolus","og_description":"Lisez notre politique de confidentialit\u00e9 pour comprendre comment nous prot\u00e9geons vos donn\u00e9es personnelles.","og_url":"https:\/\/gladiolus.be\/index.php\/politique-de-confidentialite\/","og_site_name":"Gladiolus","article_modified_time":"2024-12-01T21:43:43+00:00","twitter_card":"summary_large_image","twitter_misc":{"Dur\u00e9e de lecture est.":"3 minutes"},"schema":{"@context":"https:\/\/schema.org","@graph":[{"@type":"WebPage","@id":"https:\/\/gladiolus.be\/index.php\/politique-de-confidentialite\/","url":"https:\/\/gladiolus.be\/index.php\/politique-de-confidentialite\/","name":"Politique de confidentialit\u00e9 - Gladiolus","isPartOf":{"@id":"https:\/\/gladiolus.be\/#website"},"datePublished":"2024-08-07T18:17:19+00:00","dateModified":"2024-12-01T21:43:43+00:00","description":"Lisez notre politique de confidentialit\u00e9 pour comprendre comment nous prot\u00e9geons vos donn\u00e9es personnelles.","breadcrumb":{"@id":"https:\/\/gladiolus.be\/index.php\/politique-de-confidentialite\/#breadcrumb"},"inLanguage":"fr-BE","potentialAction":[{"@type":"ReadAction","target":["https:\/\/gladiolus.be\/index.php\/politique-de-confidentialite\/"]}]},{"@type":"BreadcrumbList","@id":"https:\/\/gladiolus.be\/index.php\/politique-de-confidentialite\/#breadcrumb","itemListElement":[{"@type":"ListItem","position":1,"name":"Home","item":"https:\/\/gladiolus.be\/"},{"@type":"ListItem","position":2,"name":"Politique de confidentialit\u00e9"}]},{"@type":"WebSite","@id":"https:\/\/gladiolus.be\/#website","url":"https:\/\/gladiolus.be\/","name":"Gladiolus","description":"Gladiolus","potentialAction":[{"@type":"SearchAction","target":{"@type":"EntryPoint","urlTemplate":"https:\/\/gladiolus.be\/?s={search_term_string}"},"query-input":{"@type":"PropertyValueSpecification","valueRequired":true,"valueName":"search_term_string"}}],"inLanguage":"fr-BE"}]}},"jetpack_sharing_enabled":true,"_links":{"self":[{"href":"https:\/\/gladiolus.be\/index.php\/wp-json\/wp\/v2\/pages\/28045","targetHints":{"allow":["GET"]}}],"collection":[{"href":"https:\/\/gladiolus.be\/index.php\/wp-json\/wp\/v2\/pages"}],"about":[{"href":"https:\/\/gladiolus.be\/index.php\/wp-json\/wp\/v2\/types\/page"}],"author":[{"embeddable":true,"href":"https:\/\/gladiolus.be\/index.php\/wp-json\/wp\/v2\/users\/1"}],"replies":[{"embeddable":true,"href":"https:\/\/gladiolus.be\/index.php\/wp-json\/wp\/v2\/comments?post=28045"}],"version-history":[{"count":8,"href":"https:\/\/gladiolus.be\/index.php\/wp-json\/wp\/v2\/pages\/28045\/revisions"}],"predecessor-version":[{"id":28444,"href":"https:\/\/gladiolus.be\/index.php\/wp-json\/wp\/v2\/pages\/28045\/revisions\/28444"}],"wp:attachment":[{"href":"https:\/\/gladiolus.be\/index.php\/wp-json\/wp\/v2\/media?parent=28045"}],"curies":[{"name":"wp","href":"https:\/\/api.w.org\/{rel}","templated":true}]}}