{"id":28051,"date":"2024-08-07T18:30:37","date_gmt":"2024-08-07T18:30:37","guid":{"rendered":"https:\/\/gladiolus.be\/?page_id=28051"},"modified":"2025-01-22T16:30:48","modified_gmt":"2025-01-22T16:30:48","slug":"droit-de-retractation","status":"publish","type":"page","link":"https:\/\/gladiolus.be\/index.php\/droit-de-retractation\/","title":{"rendered":"Droit de r\u00e9tractation"},"content":{"rendered":"\t\t<div data-elementor-type=\"wp-page\" data-elementor-id=\"28051\" class=\"elementor elementor-28051\">\n\t\t\t\t<div class=\"elementor-element elementor-element-6b29ed7 e-flex e-con-boxed e-con e-parent\" data-id=\"6b29ed7\" data-element_type=\"container\" data-e-type=\"container\">\n\t\t\t\t\t<div class=\"e-con-inner\">\n\t\t\t\t<div class=\"elementor-element elementor-element-6589ea2 elementor-widget elementor-widget-wd_text_block\" data-id=\"6589ea2\" data-element_type=\"widget\" data-e-type=\"widget\" data-widget_type=\"wd_text_block.default\">\n\t\t\t\t<div class=\"elementor-widget-container\">\n\t\t\t\t\t\t\t<div class=\"wd-text-block reset-last-child text-left\">\n\t\t\t\n\t\t\t<h3>R\u00e9tractation<\/h3><p>Bienvenue sur notre page d\u00e9di\u00e9e \u00e0 la r\u00e9tractation pour vos achats de bijoux chez <a href=\"https:\/\/gladiolus.be\/\">Gladiolus <\/a> en Belgique. Cette politique de r\u00e9tractation s'applique sp\u00e9cifiquement aux produits achet\u00e9s sur notre site, tels que bagues, colliers, bracelets et boucles d'oreilles.<\/p><div class=\"group\/conversation-turn relative flex w-full min-w-0 flex-col agent-turn\"><div class=\"flex-col gap-1 md:gap-3\"><div class=\"flex max-w-full flex-col flex-grow\"><div class=\"min-h-[20px] text-message flex w-full flex-col items-end gap-2 whitespace-pre-wrap break-words [.text-message+&amp;]:mt-5 overflow-x-auto\" dir=\"auto\" data-message-author-role=\"assistant\" data-message-id=\"6cd8d13e-7418-42f5-8740-faac28ab78e3\"><div class=\"flex w-full flex-col gap-1 empty:hidden first:pt-[3px]\"><div class=\"markdown prose w-full break-words dark:prose-invert light\"><h3>Conditions de R\u00e9tractation<\/h3><p>Votre satisfaction est notre priorit\u00e9. Vous disposez de 14 jours calendaires \u00e0 compter de la r\u00e9ception de votre commande pour exercer votre droit de r\u00e9tractation et retourner votre bijou achet\u00e9 sur notre site.<\/p><p>Vous devez retourner les produits en parfait \u00e9tat, sans retard excessif.<\/p><\/div><h3><strong>Comment Exercer Votre Droit de R\u00e9tractation\u00a0<\/strong><\/h3><p>Pour exercer votre droit de r\u00e9tractation, vous devez informer Gladiolus de votre d\u00e9cision de vous r\u00e9tracter du contrat. Vous pouvez le faire en envoyant une notification par e-mail \u00e0 l\u2019adresse suivante : [info.mongladiolus@gmail.com]. Vous pouvez \u00e9galement utiliser le mod\u00e8le de formulaire de r\u00e9tractation t\u00e9l\u00e9chargeable en cliquant sur le bouton ci-dessous.<\/p><h3><strong>Remboursement <\/strong><\/h3><p data-pm-slice=\"1 1 []\">Gladiolus s'engage \u00e0 rembourser le montant pay\u00e9 pour les articles retourn\u00e9s. Toutefois, les frais de livraison initiaux <strong>ne seront pas rembours\u00e9s, <\/strong>et les frais de retour resteront \u00e0 votre charge<strong>, sauf en cas de d\u00e9faut du produit.<\/strong> Gladiolus se r\u00e9serve \u00e9galement le droit de retarder le remboursement jusqu'\u00e0 la r\u00e9ception des articles retourn\u00e9s ou jusqu'\u00e0 ce que vous fournissiez une preuve d'exp\u00e9dition.<\/p><h3><strong>Responsabilit\u00e9<\/strong><\/h3><p>Gladiolus n'est responsable qu'en cas de faute grave. Le Client reconna\u00eet que Gladiolus ne peut \u00eatre tenu responsable des dommages r\u00e9sultant de l'utilisation des produits achet\u00e9s.<\/p><\/div><\/div><\/div><\/div><\/div>\n\t\t\t\t\t<\/div>\n\t\t\t\t\t\t<\/div>\n\t\t\t\t<\/div>\n\t\t\t\t<div class=\"elementor-element elementor-element-91888ea elementor-widget elementor-widget-spacer\" data-id=\"91888ea\" data-element_type=\"widget\" data-e-type=\"widget\" data-widget_type=\"spacer.default\">\n\t\t\t\t<div class=\"elementor-widget-container\">\n\t\t\t\t\t\t\t<div class=\"elementor-spacer\">\n\t\t\t<div class=\"elementor-spacer-inner\"><\/div>\n\t\t<\/div>\n\t\t\t\t\t\t<\/div>\n\t\t\t\t<\/div>\n\t\t\t\t\t<\/div>\n\t\t\t\t<\/div>\n\t\t<div class=\"elementor-element elementor-element-ebee90e e-flex e-con-boxed e-con e-parent\" data-id=\"ebee90e\" data-element_type=\"container\" data-e-type=\"container\">\n\t\t\t\t\t<div class=\"e-con-inner\">\n\t\t\t\t<div class=\"elementor-element elementor-element-6c0dd86 elementor-widget elementor-widget-wd_button\" data-id=\"6c0dd86\" data-element_type=\"widget\" data-e-type=\"widget\" data-widget_type=\"wd_button.default\">\n\t\t\t\t<div class=\"elementor-widget-container\">\n\t\t\t\t\t\t\t<div class=\"wd-button-wrapper text-center\" >\n\t\t\t<a class=\"btn btn-style-default btn-style-rectangle btn-size-default btn-color-primary btn-icon-pos-right\"  href=\"https:\/\/acrobat.adobe.com\/id\/urn:aaid:sc:EU:8d0f7f62-deea-49e0-a43d-24360647977f\" target=\"_blank\">\n\t\t\t\t<span class=\"wd-btn-text\" data-elementor-setting-key=\"text\">\n\t\t\t\t\tFormulaire de retractation \t\t\t\t<\/span>\n\n\t\t\t\t\t\t\t<\/a>\n\t\t<\/div>\n\t\t\t\t\t\t<\/div>\n\t\t\t\t<\/div>\n\t\t\t\t\t<\/div>\n\t\t\t\t<\/div>\n\t\t\t\t<\/div>\n\t\t","protected":false},"excerpt":{"rendered":"<p>R\u00e9tractation Bienvenue sur notre page d\u00e9di\u00e9e \u00e0 la r\u00e9tractation pour vos achats de bijoux chez Gladiolus en Belgique. Cette politique<\/p>\n","protected":false},"author":1,"featured_media":0,"parent":0,"menu_order":0,"comment_status":"closed","ping_status":"closed","template":"","meta":{"footnotes":""},"class_list":["post-28051","page","type-page","status-publish","hentry"],"yoast_head":"<!-- This site is optimized with the Yoast SEO plugin v27.3 - https:\/\/yoast.com\/product\/yoast-seo-wordpress\/ -->\n<title>Droit de r\u00e9tractation - Gladiolus<\/title>\n<meta name=\"description\" content=\"Comprenez vos droit de r\u00e9tractation, les d\u00e9lais applicables et d\u00e9couvrez les proc\u00e9dures pour retourner un produit simplement et efficacement.\" \/>\n<meta name=\"robots\" content=\"index, follow, max-snippet:-1, max-image-preview:large, max-video-preview:-1\" \/>\n<link rel=\"canonical\" href=\"https:\/\/gladiolus.be\/index.php\/droit-de-retractation\/\" \/>\n<meta property=\"og:locale\" content=\"fr_FR\" \/>\n<meta property=\"og:type\" content=\"article\" \/>\n<meta property=\"og:title\" content=\"Droit de r\u00e9tractation - Gladiolus\" \/>\n<meta property=\"og:description\" content=\"Comprenez vos droit de r\u00e9tractation, les d\u00e9lais applicables et d\u00e9couvrez les proc\u00e9dures pour retourner un produit simplement et efficacement.\" \/>\n<meta property=\"og:url\" content=\"https:\/\/gladiolus.be\/index.php\/droit-de-retractation\/\" \/>\n<meta property=\"og:site_name\" content=\"Gladiolus\" \/>\n<meta property=\"article:modified_time\" content=\"2025-01-22T16:30:48+00:00\" \/>\n<meta name=\"twitter:card\" content=\"summary_large_image\" \/>\n<meta name=\"twitter:label1\" content=\"Dur\u00e9e de lecture est.\" \/>\n\t<meta name=\"twitter:data1\" content=\"2 minutes\" \/>\n<script type=\"application\/ld+json\" class=\"yoast-schema-graph\">{\"@context\":\"https:\\\/\\\/schema.org\",\"@graph\":[{\"@type\":\"WebPage\",\"@id\":\"https:\\\/\\\/gladiolus.be\\\/index.php\\\/droit-de-retractation\\\/\",\"url\":\"https:\\\/\\\/gladiolus.be\\\/index.php\\\/droit-de-retractation\\\/\",\"name\":\"Droit de r\u00e9tractation - Gladiolus\",\"isPartOf\":{\"@id\":\"https:\\\/\\\/gladiolus.be\\\/#website\"},\"datePublished\":\"2024-08-07T18:30:37+00:00\",\"dateModified\":\"2025-01-22T16:30:48+00:00\",\"description\":\"Comprenez vos droit de r\u00e9tractation, les d\u00e9lais applicables et d\u00e9couvrez les proc\u00e9dures pour retourner un produit simplement et efficacement.\",\"breadcrumb\":{\"@id\":\"https:\\\/\\\/gladiolus.be\\\/index.php\\\/droit-de-retractation\\\/#breadcrumb\"},\"inLanguage\":\"fr-BE\",\"potentialAction\":[{\"@type\":\"ReadAction\",\"target\":[\"https:\\\/\\\/gladiolus.be\\\/index.php\\\/droit-de-retractation\\\/\"]}]},{\"@type\":\"BreadcrumbList\",\"@id\":\"https:\\\/\\\/gladiolus.be\\\/index.php\\\/droit-de-retractation\\\/#breadcrumb\",\"itemListElement\":[{\"@type\":\"ListItem\",\"position\":1,\"name\":\"Home\",\"item\":\"https:\\\/\\\/gladiolus.be\\\/\"},{\"@type\":\"ListItem\",\"position\":2,\"name\":\"Droit de r\u00e9tractation\"}]},{\"@type\":\"WebSite\",\"@id\":\"https:\\\/\\\/gladiolus.be\\\/#website\",\"url\":\"https:\\\/\\\/gladiolus.be\\\/\",\"name\":\"Gladiolus\",\"description\":\"Gladiolus\",\"potentialAction\":[{\"@type\":\"SearchAction\",\"target\":{\"@type\":\"EntryPoint\",\"urlTemplate\":\"https:\\\/\\\/gladiolus.be\\\/?s={search_term_string}\"},\"query-input\":{\"@type\":\"PropertyValueSpecification\",\"valueRequired\":true,\"valueName\":\"search_term_string\"}}],\"inLanguage\":\"fr-BE\"}]}<\/script>\n<!-- \/ Yoast SEO plugin. -->","yoast_head_json":{"title":"Droit de r\u00e9tractation - Gladiolus","description":"Comprenez vos droit de r\u00e9tractation, les d\u00e9lais applicables et d\u00e9couvrez les proc\u00e9dures pour retourner un produit simplement et efficacement.","robots":{"index":"index","follow":"follow","max-snippet":"max-snippet:-1","max-image-preview":"max-image-preview:large","max-video-preview":"max-video-preview:-1"},"canonical":"https:\/\/gladiolus.be\/index.php\/droit-de-retractation\/","og_locale":"fr_FR","og_type":"article","og_title":"Droit de r\u00e9tractation - Gladiolus","og_description":"Comprenez vos droit de r\u00e9tractation, les d\u00e9lais applicables et d\u00e9couvrez les proc\u00e9dures pour retourner un produit simplement et efficacement.","og_url":"https:\/\/gladiolus.be\/index.php\/droit-de-retractation\/","og_site_name":"Gladiolus","article_modified_time":"2025-01-22T16:30:48+00:00","twitter_card":"summary_large_image","twitter_misc":{"Dur\u00e9e de lecture est.":"2 minutes"},"schema":{"@context":"https:\/\/schema.org","@graph":[{"@type":"WebPage","@id":"https:\/\/gladiolus.be\/index.php\/droit-de-retractation\/","url":"https:\/\/gladiolus.be\/index.php\/droit-de-retractation\/","name":"Droit de r\u00e9tractation - Gladiolus","isPartOf":{"@id":"https:\/\/gladiolus.be\/#website"},"datePublished":"2024-08-07T18:30:37+00:00","dateModified":"2025-01-22T16:30:48+00:00","description":"Comprenez vos droit de r\u00e9tractation, les d\u00e9lais applicables et d\u00e9couvrez les proc\u00e9dures pour retourner un produit simplement et efficacement.","breadcrumb":{"@id":"https:\/\/gladiolus.be\/index.php\/droit-de-retractation\/#breadcrumb"},"inLanguage":"fr-BE","potentialAction":[{"@type":"ReadAction","target":["https:\/\/gladiolus.be\/index.php\/droit-de-retractation\/"]}]},{"@type":"BreadcrumbList","@id":"https:\/\/gladiolus.be\/index.php\/droit-de-retractation\/#breadcrumb","itemListElement":[{"@type":"ListItem","position":1,"name":"Home","item":"https:\/\/gladiolus.be\/"},{"@type":"ListItem","position":2,"name":"Droit de r\u00e9tractation"}]},{"@type":"WebSite","@id":"https:\/\/gladiolus.be\/#website","url":"https:\/\/gladiolus.be\/","name":"Gladiolus","description":"Gladiolus","potentialAction":[{"@type":"SearchAction","target":{"@type":"EntryPoint","urlTemplate":"https:\/\/gladiolus.be\/?s={search_term_string}"},"query-input":{"@type":"PropertyValueSpecification","valueRequired":true,"valueName":"search_term_string"}}],"inLanguage":"fr-BE"}]}},"jetpack_sharing_enabled":true,"_links":{"self":[{"href":"https:\/\/gladiolus.be\/index.php\/wp-json\/wp\/v2\/pages\/28051","targetHints":{"allow":["GET"]}}],"collection":[{"href":"https:\/\/gladiolus.be\/index.php\/wp-json\/wp\/v2\/pages"}],"about":[{"href":"https:\/\/gladiolus.be\/index.php\/wp-json\/wp\/v2\/types\/page"}],"author":[{"embeddable":true,"href":"https:\/\/gladiolus.be\/index.php\/wp-json\/wp\/v2\/users\/1"}],"replies":[{"embeddable":true,"href":"https:\/\/gladiolus.be\/index.php\/wp-json\/wp\/v2\/comments?post=28051"}],"version-history":[{"count":25,"href":"https:\/\/gladiolus.be\/index.php\/wp-json\/wp\/v2\/pages\/28051\/revisions"}],"predecessor-version":[{"id":28658,"href":"https:\/\/gladiolus.be\/index.php\/wp-json\/wp\/v2\/pages\/28051\/revisions\/28658"}],"wp:attachment":[{"href":"https:\/\/gladiolus.be\/index.php\/wp-json\/wp\/v2\/media?parent=28051"}],"curies":[{"name":"wp","href":"https:\/\/api.w.org\/{rel}","templated":true}]}}