{"id":334,"date":"2021-08-27T11:42:20","date_gmt":"2021-08-27T11:42:20","guid":{"rendered":"http:\/\/dummy.xtemos.com\/woodmart2\/elementor\/?post_type=product&#038;p=334"},"modified":"2026-03-23T14:19:39","modified_gmt":"2026-03-23T14:19:39","slug":"collier-lune-astrale","status":"publish","type":"product","link":"https:\/\/gladiolus.be\/index.php\/product\/collier-lune-astrale\/","title":{"rendered":"Collier Lune Astrale"},"content":{"rendered":"\t\t<div data-elementor-type=\"wp-post\" data-elementor-id=\"334\" class=\"elementor elementor-334\">\n\t\t\t\t<div class=\"elementor-element elementor-element-2a51e47 e-flex e-con-boxed e-con e-parent\" data-id=\"2a51e47\" data-element_type=\"container\" data-e-type=\"container\">\n\t\t\t\t\t<div class=\"e-con-inner\">\n\t\t<div class=\"elementor-element elementor-element-01fc7d0 e-con-full e-flex e-con e-child\" data-id=\"01fc7d0\" data-element_type=\"container\" data-e-type=\"container\">\n\t\t\t\t<div class=\"elementor-element elementor-element-3d26ce2 elementor-widget elementor-widget-wd_text_block\" data-id=\"3d26ce2\" data-element_type=\"widget\" data-e-type=\"widget\" data-widget_type=\"wd_text_block.default\">\n\t\t\t\t<div class=\"elementor-widget-container\">\n\t\t\t\t\t\t\t<div class=\"wd-text-block reset-last-child text-left\">\n\t\t\t\n\t\t\t<h3>Collier Lune Astrale\u00a0<\/h3><ul><li>Mati\u00e8re: Acier inoxydable<\/li><li>Couleur m\u00e9tal: Jaune<\/li><li>Poids total Collier: 10 gr<\/li><li>Longueur collier: 30 cm<\/li><\/ul>\n\t\t\t\t\t<\/div>\n\t\t\t\t\t\t<\/div>\n\t\t\t\t<\/div>\n\t\t\t\t<\/div>\n\t\t\t\t\t<\/div>\n\t\t\t\t<\/div>\n\t\t\t\t<\/div>\n\t\t","protected":false},"excerpt":{"rendered":"<p>Collier en acier inoxydable rose, con\u00e7u pour adultes, avec une perle de culture. Solide et l\u00e9ger, il offre un design simple et \u00e9l\u00e9gant qui s\u2019adapte \u00e0 toutes vos tenues.<\/p>\n","protected":false},"featured_media":28741,"comment_status":"open","ping_status":"closed","template":"","meta":[],"product_brand":[],"product_cat":[21],"product_tag":[],"class_list":{"0":"post-334","1":"product","2":"type-product","3":"status-publish","4":"has-post-thumbnail","6":"product_cat-colliers","8":"first","9":"instock","10":"taxable","11":"shipping-taxable","12":"purchasable","13":"product-type-simple"},"yoast_head":"<!-- This site is optimized with the Yoast SEO plugin v27.3 - https:\/\/yoast.com\/product\/yoast-seo-wordpress\/ -->\n<title>Collier Lune Astrale - Gladiolus<\/title>\n<meta name=\"description\" content=\"Collier en acier inoxydable jaune, \u00e9l\u00e9gant et durable, parfait pour compl\u00e9ter vos tenues avec une touche d\u00e9licate.\" \/>\n<meta name=\"robots\" content=\"index, follow, max-snippet:-1, max-image-preview:large, max-video-preview:-1\" \/>\n<link rel=\"canonical\" href=\"https:\/\/gladiolus.be\/index.php\/product\/collier-lune-astrale\/\" \/>\n<meta property=\"og:locale\" content=\"fr_FR\" \/>\n<meta property=\"og:type\" content=\"article\" \/>\n<meta property=\"og:title\" content=\"Collier Lune Astrale - Gladiolus\" \/>\n<meta property=\"og:description\" content=\"Collier en acier inoxydable jaune, \u00e9l\u00e9gant et durable, parfait pour compl\u00e9ter vos tenues avec une touche d\u00e9licate.\" \/>\n<meta property=\"og:url\" content=\"https:\/\/gladiolus.be\/index.php\/product\/collier-lune-astrale\/\" \/>\n<meta property=\"og:site_name\" content=\"Gladiolus\" \/>\n<meta property=\"article:modified_time\" content=\"2026-03-23T14:19:39+00:00\" \/>\n<meta property=\"og:image\" content=\"https:\/\/gladiolus.be\/wp-content\/uploads\/2021\/08\/WhatsApp-Image-2026-03-23-at-3.06.09-PM-6.jpeg\" \/>\n\t<meta property=\"og:image:width\" content=\"1024\" \/>\n\t<meta property=\"og:image:height\" content=\"1536\" \/>\n\t<meta property=\"og:image:type\" content=\"image\/jpeg\" \/>\n<meta name=\"twitter:card\" content=\"summary_large_image\" \/>\n<meta name=\"twitter:label1\" content=\"Dur\u00e9e de lecture est.\" \/>\n\t<meta name=\"twitter:data1\" content=\"1 minute\" \/>\n<script type=\"application\/ld+json\" class=\"yoast-schema-graph\">{\"@context\":\"https:\\\/\\\/schema.org\",\"@graph\":[{\"@type\":\"WebPage\",\"@id\":\"https:\\\/\\\/gladiolus.be\\\/index.php\\\/product\\\/collier-lune-astrale\\\/\",\"url\":\"https:\\\/\\\/gladiolus.be\\\/index.php\\\/product\\\/collier-lune-astrale\\\/\",\"name\":\"Collier Lune Astrale - Gladiolus\",\"isPartOf\":{\"@id\":\"https:\\\/\\\/gladiolus.be\\\/#website\"},\"primaryImageOfPage\":{\"@id\":\"https:\\\/\\\/gladiolus.be\\\/index.php\\\/product\\\/collier-lune-astrale\\\/#primaryimage\"},\"image\":{\"@id\":\"https:\\\/\\\/gladiolus.be\\\/index.php\\\/product\\\/collier-lune-astrale\\\/#primaryimage\"},\"thumbnailUrl\":\"https:\\\/\\\/gladiolus.be\\\/wp-content\\\/uploads\\\/2021\\\/08\\\/WhatsApp-Image-2026-03-23-at-3.06.09-PM-6.jpeg\",\"datePublished\":\"2021-08-27T11:42:20+00:00\",\"dateModified\":\"2026-03-23T14:19:39+00:00\",\"description\":\"Collier en acier inoxydable jaune, \u00e9l\u00e9gant et durable, parfait pour compl\u00e9ter vos tenues avec une touche d\u00e9licate.\",\"breadcrumb\":{\"@id\":\"https:\\\/\\\/gladiolus.be\\\/index.php\\\/product\\\/collier-lune-astrale\\\/#breadcrumb\"},\"inLanguage\":\"fr-BE\",\"potentialAction\":[{\"@type\":\"ReadAction\",\"target\":[\"https:\\\/\\\/gladiolus.be\\\/index.php\\\/product\\\/collier-lune-astrale\\\/\"]}]},{\"@type\":\"ImageObject\",\"inLanguage\":\"fr-BE\",\"@id\":\"https:\\\/\\\/gladiolus.be\\\/index.php\\\/product\\\/collier-lune-astrale\\\/#primaryimage\",\"url\":\"https:\\\/\\\/gladiolus.be\\\/wp-content\\\/uploads\\\/2021\\\/08\\\/WhatsApp-Image-2026-03-23-at-3.06.09-PM-6.jpeg\",\"contentUrl\":\"https:\\\/\\\/gladiolus.be\\\/wp-content\\\/uploads\\\/2021\\\/08\\\/WhatsApp-Image-2026-03-23-at-3.06.09-PM-6.jpeg\",\"width\":1024,\"height\":1536},{\"@type\":\"BreadcrumbList\",\"@id\":\"https:\\\/\\\/gladiolus.be\\\/index.php\\\/product\\\/collier-lune-astrale\\\/#breadcrumb\",\"itemListElement\":[{\"@type\":\"ListItem\",\"position\":1,\"name\":\"Home\",\"item\":\"https:\\\/\\\/gladiolus.be\\\/\"},{\"@type\":\"ListItem\",\"position\":2,\"name\":\"Boutique\",\"item\":\"https:\\\/\\\/gladiolus.be\\\/index.php\\\/boutique\\\/\"},{\"@type\":\"ListItem\",\"position\":3,\"name\":\"Collier Lune Astrale\"}]},{\"@type\":\"WebSite\",\"@id\":\"https:\\\/\\\/gladiolus.be\\\/#website\",\"url\":\"https:\\\/\\\/gladiolus.be\\\/\",\"name\":\"Gladiolus\",\"description\":\"Gladiolus\",\"potentialAction\":[{\"@type\":\"SearchAction\",\"target\":{\"@type\":\"EntryPoint\",\"urlTemplate\":\"https:\\\/\\\/gladiolus.be\\\/?s={search_term_string}\"},\"query-input\":{\"@type\":\"PropertyValueSpecification\",\"valueRequired\":true,\"valueName\":\"search_term_string\"}}],\"inLanguage\":\"fr-BE\"}]}<\/script>\n<!-- \/ Yoast SEO plugin. -->","yoast_head_json":{"title":"Collier Lune Astrale - Gladiolus","description":"Collier en acier inoxydable jaune, \u00e9l\u00e9gant et durable, parfait pour compl\u00e9ter vos tenues avec une touche d\u00e9licate.","robots":{"index":"index","follow":"follow","max-snippet":"max-snippet:-1","max-image-preview":"max-image-preview:large","max-video-preview":"max-video-preview:-1"},"canonical":"https:\/\/gladiolus.be\/index.php\/product\/collier-lune-astrale\/","og_locale":"fr_FR","og_type":"article","og_title":"Collier Lune Astrale - Gladiolus","og_description":"Collier en acier inoxydable jaune, \u00e9l\u00e9gant et durable, parfait pour compl\u00e9ter vos tenues avec une touche d\u00e9licate.","og_url":"https:\/\/gladiolus.be\/index.php\/product\/collier-lune-astrale\/","og_site_name":"Gladiolus","article_modified_time":"2026-03-23T14:19:39+00:00","og_image":[{"width":1024,"height":1536,"url":"https:\/\/gladiolus.be\/wp-content\/uploads\/2021\/08\/WhatsApp-Image-2026-03-23-at-3.06.09-PM-6.jpeg","type":"image\/jpeg"}],"twitter_card":"summary_large_image","twitter_misc":{"Dur\u00e9e de lecture est.":"1 minute"},"schema":{"@context":"https:\/\/schema.org","@graph":[{"@type":"WebPage","@id":"https:\/\/gladiolus.be\/index.php\/product\/collier-lune-astrale\/","url":"https:\/\/gladiolus.be\/index.php\/product\/collier-lune-astrale\/","name":"Collier Lune Astrale - Gladiolus","isPartOf":{"@id":"https:\/\/gladiolus.be\/#website"},"primaryImageOfPage":{"@id":"https:\/\/gladiolus.be\/index.php\/product\/collier-lune-astrale\/#primaryimage"},"image":{"@id":"https:\/\/gladiolus.be\/index.php\/product\/collier-lune-astrale\/#primaryimage"},"thumbnailUrl":"https:\/\/gladiolus.be\/wp-content\/uploads\/2021\/08\/WhatsApp-Image-2026-03-23-at-3.06.09-PM-6.jpeg","datePublished":"2021-08-27T11:42:20+00:00","dateModified":"2026-03-23T14:19:39+00:00","description":"Collier en acier inoxydable jaune, \u00e9l\u00e9gant et durable, parfait pour compl\u00e9ter vos tenues avec une touche d\u00e9licate.","breadcrumb":{"@id":"https:\/\/gladiolus.be\/index.php\/product\/collier-lune-astrale\/#breadcrumb"},"inLanguage":"fr-BE","potentialAction":[{"@type":"ReadAction","target":["https:\/\/gladiolus.be\/index.php\/product\/collier-lune-astrale\/"]}]},{"@type":"ImageObject","inLanguage":"fr-BE","@id":"https:\/\/gladiolus.be\/index.php\/product\/collier-lune-astrale\/#primaryimage","url":"https:\/\/gladiolus.be\/wp-content\/uploads\/2021\/08\/WhatsApp-Image-2026-03-23-at-3.06.09-PM-6.jpeg","contentUrl":"https:\/\/gladiolus.be\/wp-content\/uploads\/2021\/08\/WhatsApp-Image-2026-03-23-at-3.06.09-PM-6.jpeg","width":1024,"height":1536},{"@type":"BreadcrumbList","@id":"https:\/\/gladiolus.be\/index.php\/product\/collier-lune-astrale\/#breadcrumb","itemListElement":[{"@type":"ListItem","position":1,"name":"Home","item":"https:\/\/gladiolus.be\/"},{"@type":"ListItem","position":2,"name":"Boutique","item":"https:\/\/gladiolus.be\/index.php\/boutique\/"},{"@type":"ListItem","position":3,"name":"Collier Lune Astrale"}]},{"@type":"WebSite","@id":"https:\/\/gladiolus.be\/#website","url":"https:\/\/gladiolus.be\/","name":"Gladiolus","description":"Gladiolus","potentialAction":[{"@type":"SearchAction","target":{"@type":"EntryPoint","urlTemplate":"https:\/\/gladiolus.be\/?s={search_term_string}"},"query-input":{"@type":"PropertyValueSpecification","valueRequired":true,"valueName":"search_term_string"}}],"inLanguage":"fr-BE"}]}},"jetpack_sharing_enabled":true,"_links":{"self":[{"href":"https:\/\/gladiolus.be\/index.php\/wp-json\/wp\/v2\/product\/334","targetHints":{"allow":["GET"]}}],"collection":[{"href":"https:\/\/gladiolus.be\/index.php\/wp-json\/wp\/v2\/product"}],"about":[{"href":"https:\/\/gladiolus.be\/index.php\/wp-json\/wp\/v2\/types\/product"}],"replies":[{"embeddable":true,"href":"https:\/\/gladiolus.be\/index.php\/wp-json\/wp\/v2\/comments?post=334"}],"version-history":[{"count":17,"href":"https:\/\/gladiolus.be\/index.php\/wp-json\/wp\/v2\/product\/334\/revisions"}],"predecessor-version":[{"id":28726,"href":"https:\/\/gladiolus.be\/index.php\/wp-json\/wp\/v2\/product\/334\/revisions\/28726"}],"wp:featuredmedia":[{"embeddable":true,"href":"https:\/\/gladiolus.be\/index.php\/wp-json\/wp\/v2\/media\/28741"}],"wp:attachment":[{"href":"https:\/\/gladiolus.be\/index.php\/wp-json\/wp\/v2\/media?parent=334"}],"wp:term":[{"taxonomy":"product_brand","embeddable":true,"href":"https:\/\/gladiolus.be\/index.php\/wp-json\/wp\/v2\/product_brand?post=334"},{"taxonomy":"product_cat","embeddable":true,"href":"https:\/\/gladiolus.be\/index.php\/wp-json\/wp\/v2\/product_cat?post=334"},{"taxonomy":"product_tag","embeddable":true,"href":"https:\/\/gladiolus.be\/index.php\/wp-json\/wp\/v2\/product_tag?post=334"}],"curies":[{"name":"wp","href":"https:\/\/api.w.org\/{rel}","templated":true}]}}