{"id":344,"date":"2021-08-27T11:48:12","date_gmt":"2021-08-27T11:48:12","guid":{"rendered":"http:\/\/dummy.xtemos.com\/woodmart2\/elementor\/?post_type=product&#038;p=344"},"modified":"2026-04-13T19:31:59","modified_gmt":"2026-04-13T19:31:59","slug":"bague-double-set-argent-925-blanc-zirconia","status":"publish","type":"product","link":"https:\/\/gladiolus.be\/index.php\/product\/bague-double-set-argent-925-blanc-zirconia\/","title":{"rendered":"Collier acier inoxydable Blanc"},"content":{"rendered":"\t\t<div data-elementor-type=\"wp-post\" data-elementor-id=\"344\" class=\"elementor elementor-344\">\n\t\t\t\t<div class=\"elementor-element elementor-element-8fe9a00 e-flex e-con-boxed e-con e-parent\" data-id=\"8fe9a00\" data-element_type=\"container\" data-e-type=\"container\">\n\t\t\t\t\t<div class=\"e-con-inner\">\n\t\t<div class=\"elementor-element elementor-element-430e551 e-con-full e-flex e-con e-child\" data-id=\"430e551\" data-element_type=\"container\" data-e-type=\"container\">\n\t\t\t\t<div class=\"elementor-element elementor-element-05c1d79 elementor-widget elementor-widget-wd_text_block\" data-id=\"05c1d79\" data-element_type=\"widget\" data-e-type=\"widget\" data-widget_type=\"wd_text_block.default\">\n\t\t\t\t<div class=\"elementor-widget-container\">\n\t\t\t\t\t\t\t<div class=\"wd-text-block reset-last-child text-left\">\n\t\t\t\n\t\t\t<p><strong>Collier acier inoxydable Blanc<\/strong><\/p><ul><li>Mati\u00e8re: acier inoxydable<\/li><li>Couleur m\u00e9tal: Blanc<\/li><li>Couleur de pierre: bleu clair<\/li><li>Forme: Ronde<\/li><li>Longueur: 45cm<\/li><\/ul>\n\t\t\t\t\t<\/div>\n\t\t\t\t\t\t<\/div>\n\t\t\t\t<\/div>\n\t\t\t\t<\/div>\n\t\t\t\t\t<\/div>\n\t\t\t\t<\/div>\n\t\t\t\t<\/div>\n\t\t","protected":false},"excerpt":{"rendered":"<p>Collier acier inoxydable Blanc , con\u00e7ue pour adultes, avec un design moderne et intemporel. Son style unique en fait un bijou id\u00e9al pour toutes les occasions.<\/p>\n","protected":false},"featured_media":28778,"comment_status":"open","ping_status":"closed","template":"","meta":[],"product_brand":[],"product_cat":[21],"product_tag":[],"class_list":{"0":"post-344","1":"product","2":"type-product","3":"status-publish","4":"has-post-thumbnail","6":"product_cat-colliers","8":"first","9":"instock","10":"taxable","11":"shipping-taxable","12":"purchasable","13":"product-type-simple"},"yoast_head":"<!-- This site is optimized with the Yoast SEO plugin v27.3 - https:\/\/yoast.com\/product\/yoast-seo-wordpress\/ -->\n<title>Collier acier inoxydable Blanc - Gladiolus<\/title>\n<meta name=\"description\" content=\"Collier acier inoxydable Blanc , avec un style original et moderne, id\u00e9ale pour compl\u00e9ter vos tenues avec une touche \u00e9l\u00e9gante et unique.\" \/>\n<meta name=\"robots\" content=\"index, follow, max-snippet:-1, max-image-preview:large, max-video-preview:-1\" \/>\n<link rel=\"canonical\" href=\"https:\/\/gladiolus.be\/index.php\/product\/bague-double-set-argent-925-blanc-zirconia\/\" \/>\n<meta property=\"og:locale\" content=\"fr_FR\" \/>\n<meta property=\"og:type\" content=\"article\" \/>\n<meta property=\"og:title\" content=\"Collier acier inoxydable Blanc - Gladiolus\" \/>\n<meta property=\"og:description\" content=\"Collier acier inoxydable Blanc , avec un style original et moderne, id\u00e9ale pour compl\u00e9ter vos tenues avec une touche \u00e9l\u00e9gante et unique.\" \/>\n<meta property=\"og:url\" content=\"https:\/\/gladiolus.be\/index.php\/product\/bague-double-set-argent-925-blanc-zirconia\/\" \/>\n<meta property=\"og:site_name\" content=\"Gladiolus\" \/>\n<meta property=\"article:modified_time\" content=\"2026-04-13T19:31:59+00:00\" \/>\n<meta property=\"og:image\" content=\"https:\/\/gladiolus.be\/wp-content\/uploads\/2021\/08\/ChatGPT-Image-Mar-31-2026-03_29_08-PM.png\" \/>\n\t<meta property=\"og:image:width\" content=\"1024\" \/>\n\t<meta property=\"og:image:height\" content=\"1536\" \/>\n\t<meta property=\"og:image:type\" content=\"image\/png\" \/>\n<meta name=\"twitter:card\" content=\"summary_large_image\" \/>\n<meta name=\"twitter:label1\" content=\"Dur\u00e9e de lecture est.\" \/>\n\t<meta name=\"twitter:data1\" content=\"1 minute\" \/>\n<script type=\"application\/ld+json\" class=\"yoast-schema-graph\">{\"@context\":\"https:\\\/\\\/schema.org\",\"@graph\":[{\"@type\":\"WebPage\",\"@id\":\"https:\\\/\\\/gladiolus.be\\\/index.php\\\/product\\\/bague-double-set-argent-925-blanc-zirconia\\\/\",\"url\":\"https:\\\/\\\/gladiolus.be\\\/index.php\\\/product\\\/bague-double-set-argent-925-blanc-zirconia\\\/\",\"name\":\"Collier acier inoxydable Blanc - Gladiolus\",\"isPartOf\":{\"@id\":\"https:\\\/\\\/gladiolus.be\\\/#website\"},\"primaryImageOfPage\":{\"@id\":\"https:\\\/\\\/gladiolus.be\\\/index.php\\\/product\\\/bague-double-set-argent-925-blanc-zirconia\\\/#primaryimage\"},\"image\":{\"@id\":\"https:\\\/\\\/gladiolus.be\\\/index.php\\\/product\\\/bague-double-set-argent-925-blanc-zirconia\\\/#primaryimage\"},\"thumbnailUrl\":\"https:\\\/\\\/gladiolus.be\\\/wp-content\\\/uploads\\\/2021\\\/08\\\/ChatGPT-Image-Mar-31-2026-03_29_08-PM.png\",\"datePublished\":\"2021-08-27T11:48:12+00:00\",\"dateModified\":\"2026-04-13T19:31:59+00:00\",\"description\":\"Collier acier inoxydable Blanc , avec un style original et moderne, id\u00e9ale pour compl\u00e9ter vos tenues avec une touche \u00e9l\u00e9gante et unique.\",\"breadcrumb\":{\"@id\":\"https:\\\/\\\/gladiolus.be\\\/index.php\\\/product\\\/bague-double-set-argent-925-blanc-zirconia\\\/#breadcrumb\"},\"inLanguage\":\"fr-BE\",\"potentialAction\":[{\"@type\":\"ReadAction\",\"target\":[\"https:\\\/\\\/gladiolus.be\\\/index.php\\\/product\\\/bague-double-set-argent-925-blanc-zirconia\\\/\"]}]},{\"@type\":\"ImageObject\",\"inLanguage\":\"fr-BE\",\"@id\":\"https:\\\/\\\/gladiolus.be\\\/index.php\\\/product\\\/bague-double-set-argent-925-blanc-zirconia\\\/#primaryimage\",\"url\":\"https:\\\/\\\/gladiolus.be\\\/wp-content\\\/uploads\\\/2021\\\/08\\\/ChatGPT-Image-Mar-31-2026-03_29_08-PM.png\",\"contentUrl\":\"https:\\\/\\\/gladiolus.be\\\/wp-content\\\/uploads\\\/2021\\\/08\\\/ChatGPT-Image-Mar-31-2026-03_29_08-PM.png\",\"width\":1024,\"height\":1536},{\"@type\":\"BreadcrumbList\",\"@id\":\"https:\\\/\\\/gladiolus.be\\\/index.php\\\/product\\\/bague-double-set-argent-925-blanc-zirconia\\\/#breadcrumb\",\"itemListElement\":[{\"@type\":\"ListItem\",\"position\":1,\"name\":\"Home\",\"item\":\"https:\\\/\\\/gladiolus.be\\\/\"},{\"@type\":\"ListItem\",\"position\":2,\"name\":\"Boutique\",\"item\":\"https:\\\/\\\/gladiolus.be\\\/index.php\\\/boutique\\\/\"},{\"@type\":\"ListItem\",\"position\":3,\"name\":\"Collier acier inoxydable Blanc\"}]},{\"@type\":\"WebSite\",\"@id\":\"https:\\\/\\\/gladiolus.be\\\/#website\",\"url\":\"https:\\\/\\\/gladiolus.be\\\/\",\"name\":\"Gladiolus\",\"description\":\"Gladiolus\",\"potentialAction\":[{\"@type\":\"SearchAction\",\"target\":{\"@type\":\"EntryPoint\",\"urlTemplate\":\"https:\\\/\\\/gladiolus.be\\\/?s={search_term_string}\"},\"query-input\":{\"@type\":\"PropertyValueSpecification\",\"valueRequired\":true,\"valueName\":\"search_term_string\"}}],\"inLanguage\":\"fr-BE\"}]}<\/script>\n<!-- \/ Yoast SEO plugin. -->","yoast_head_json":{"title":"Collier acier inoxydable Blanc - Gladiolus","description":"Collier acier inoxydable Blanc , avec un style original et moderne, id\u00e9ale pour compl\u00e9ter vos tenues avec une touche \u00e9l\u00e9gante et unique.","robots":{"index":"index","follow":"follow","max-snippet":"max-snippet:-1","max-image-preview":"max-image-preview:large","max-video-preview":"max-video-preview:-1"},"canonical":"https:\/\/gladiolus.be\/index.php\/product\/bague-double-set-argent-925-blanc-zirconia\/","og_locale":"fr_FR","og_type":"article","og_title":"Collier acier inoxydable Blanc - Gladiolus","og_description":"Collier acier inoxydable Blanc , avec un style original et moderne, id\u00e9ale pour compl\u00e9ter vos tenues avec une touche \u00e9l\u00e9gante et unique.","og_url":"https:\/\/gladiolus.be\/index.php\/product\/bague-double-set-argent-925-blanc-zirconia\/","og_site_name":"Gladiolus","article_modified_time":"2026-04-13T19:31:59+00:00","og_image":[{"width":1024,"height":1536,"url":"https:\/\/gladiolus.be\/wp-content\/uploads\/2021\/08\/ChatGPT-Image-Mar-31-2026-03_29_08-PM.png","type":"image\/png"}],"twitter_card":"summary_large_image","twitter_misc":{"Dur\u00e9e de lecture est.":"1 minute"},"schema":{"@context":"https:\/\/schema.org","@graph":[{"@type":"WebPage","@id":"https:\/\/gladiolus.be\/index.php\/product\/bague-double-set-argent-925-blanc-zirconia\/","url":"https:\/\/gladiolus.be\/index.php\/product\/bague-double-set-argent-925-blanc-zirconia\/","name":"Collier acier inoxydable Blanc - Gladiolus","isPartOf":{"@id":"https:\/\/gladiolus.be\/#website"},"primaryImageOfPage":{"@id":"https:\/\/gladiolus.be\/index.php\/product\/bague-double-set-argent-925-blanc-zirconia\/#primaryimage"},"image":{"@id":"https:\/\/gladiolus.be\/index.php\/product\/bague-double-set-argent-925-blanc-zirconia\/#primaryimage"},"thumbnailUrl":"https:\/\/gladiolus.be\/wp-content\/uploads\/2021\/08\/ChatGPT-Image-Mar-31-2026-03_29_08-PM.png","datePublished":"2021-08-27T11:48:12+00:00","dateModified":"2026-04-13T19:31:59+00:00","description":"Collier acier inoxydable Blanc , avec un style original et moderne, id\u00e9ale pour compl\u00e9ter vos tenues avec une touche \u00e9l\u00e9gante et unique.","breadcrumb":{"@id":"https:\/\/gladiolus.be\/index.php\/product\/bague-double-set-argent-925-blanc-zirconia\/#breadcrumb"},"inLanguage":"fr-BE","potentialAction":[{"@type":"ReadAction","target":["https:\/\/gladiolus.be\/index.php\/product\/bague-double-set-argent-925-blanc-zirconia\/"]}]},{"@type":"ImageObject","inLanguage":"fr-BE","@id":"https:\/\/gladiolus.be\/index.php\/product\/bague-double-set-argent-925-blanc-zirconia\/#primaryimage","url":"https:\/\/gladiolus.be\/wp-content\/uploads\/2021\/08\/ChatGPT-Image-Mar-31-2026-03_29_08-PM.png","contentUrl":"https:\/\/gladiolus.be\/wp-content\/uploads\/2021\/08\/ChatGPT-Image-Mar-31-2026-03_29_08-PM.png","width":1024,"height":1536},{"@type":"BreadcrumbList","@id":"https:\/\/gladiolus.be\/index.php\/product\/bague-double-set-argent-925-blanc-zirconia\/#breadcrumb","itemListElement":[{"@type":"ListItem","position":1,"name":"Home","item":"https:\/\/gladiolus.be\/"},{"@type":"ListItem","position":2,"name":"Boutique","item":"https:\/\/gladiolus.be\/index.php\/boutique\/"},{"@type":"ListItem","position":3,"name":"Collier acier inoxydable Blanc"}]},{"@type":"WebSite","@id":"https:\/\/gladiolus.be\/#website","url":"https:\/\/gladiolus.be\/","name":"Gladiolus","description":"Gladiolus","potentialAction":[{"@type":"SearchAction","target":{"@type":"EntryPoint","urlTemplate":"https:\/\/gladiolus.be\/?s={search_term_string}"},"query-input":{"@type":"PropertyValueSpecification","valueRequired":true,"valueName":"search_term_string"}}],"inLanguage":"fr-BE"}]}},"jetpack_sharing_enabled":true,"_links":{"self":[{"href":"https:\/\/gladiolus.be\/index.php\/wp-json\/wp\/v2\/product\/344","targetHints":{"allow":["GET"]}}],"collection":[{"href":"https:\/\/gladiolus.be\/index.php\/wp-json\/wp\/v2\/product"}],"about":[{"href":"https:\/\/gladiolus.be\/index.php\/wp-json\/wp\/v2\/types\/product"}],"replies":[{"embeddable":true,"href":"https:\/\/gladiolus.be\/index.php\/wp-json\/wp\/v2\/comments?post=344"}],"version-history":[{"count":14,"href":"https:\/\/gladiolus.be\/index.php\/wp-json\/wp\/v2\/product\/344\/revisions"}],"predecessor-version":[{"id":28810,"href":"https:\/\/gladiolus.be\/index.php\/wp-json\/wp\/v2\/product\/344\/revisions\/28810"}],"wp:featuredmedia":[{"embeddable":true,"href":"https:\/\/gladiolus.be\/index.php\/wp-json\/wp\/v2\/media\/28778"}],"wp:attachment":[{"href":"https:\/\/gladiolus.be\/index.php\/wp-json\/wp\/v2\/media?parent=344"}],"wp:term":[{"taxonomy":"product_brand","embeddable":true,"href":"https:\/\/gladiolus.be\/index.php\/wp-json\/wp\/v2\/product_brand?post=344"},{"taxonomy":"product_cat","embeddable":true,"href":"https:\/\/gladiolus.be\/index.php\/wp-json\/wp\/v2\/product_cat?post=344"},{"taxonomy":"product_tag","embeddable":true,"href":"https:\/\/gladiolus.be\/index.php\/wp-json\/wp\/v2\/product_tag?post=344"}],"curies":[{"name":"wp","href":"https:\/\/api.w.org\/{rel}","templated":true}]}}