{"id":361,"date":"2021-08-27T11:55:26","date_gmt":"2021-08-27T11:55:26","guid":{"rendered":"http:\/\/dummy.xtemos.com\/woodmart2\/elementor\/?post_type=product&#038;p=361"},"modified":"2026-04-13T19:01:18","modified_gmt":"2026-04-13T19:01:18","slug":"collier-goutte-zirconia-blanc-argent-925","status":"publish","type":"product","link":"https:\/\/gladiolus.be\/index.php\/product\/collier-goutte-zirconia-blanc-argent-925\/","title":{"rendered":"Collier Goutte Zirconia Blanc Argent 925"},"content":{"rendered":"\t\t<div data-elementor-type=\"wp-post\" data-elementor-id=\"361\" class=\"elementor elementor-361\">\n\t\t\t\t<div class=\"elementor-element elementor-element-7ba917d e-flex e-con-boxed e-con e-parent\" data-id=\"7ba917d\" data-element_type=\"container\" data-e-type=\"container\">\n\t\t\t\t\t<div class=\"e-con-inner\">\n\t\t<div class=\"elementor-element elementor-element-836b10c e-con-full e-flex e-con e-child\" data-id=\"836b10c\" data-element_type=\"container\" data-e-type=\"container\">\n\t\t\t\t<div class=\"elementor-element elementor-element-1cb5edc elementor-widget elementor-widget-wd_text_block\" data-id=\"1cb5edc\" data-element_type=\"widget\" data-e-type=\"widget\" data-widget_type=\"wd_text_block.default\">\n\t\t\t\t<div class=\"elementor-widget-container\">\n\t\t\t\t\t\t\t<div class=\"wd-text-block reset-last-child text-left\">\n\t\t\t\n\t\t\t<h1 class=\"product_title entry-title wd-entities-title\">Collier Goutte Zirconia Blanc Argent 925<\/h1><ul><li>Mati\u00e8re: Argent 925<\/li><li>Couleur m\u00e9tal: Blanc<\/li><li>Poids total: 2,87 gr<\/li><li>Type de pierre: Zirconia<\/li><li>Forme: Ronde<\/li><li>Nombre de pierres: 1 Pierre principale, 5 Pierre secondaire<\/li><\/ul>\n\t\t\t\t\t<\/div>\n\t\t\t\t\t\t<\/div>\n\t\t\t\t<\/div>\n\t\t\t\t<\/div>\n\t\t\t\t\t<\/div>\n\t\t\t\t<\/div>\n\t\t\t\t<\/div>\n\t\t","protected":false},"excerpt":{"rendered":"<p>Collier Goutte Zirconia Blanc Argent 925. \u00c9l\u00e9gante et chic, elle ajoute une touche de couleur \u00e0 vos tenues, id\u00e9ale pour toutes les occasions.<\/p>\n","protected":false},"featured_media":28763,"comment_status":"open","ping_status":"closed","template":"","meta":[],"product_brand":[],"product_cat":[54],"product_tag":[],"class_list":{"0":"post-361","1":"product","2":"type-product","3":"status-publish","4":"has-post-thumbnail","6":"product_cat-bagues","8":"first","9":"instock","10":"taxable","11":"shipping-taxable","12":"purchasable","13":"product-type-simple"},"yoast_head":"<!-- This site is optimized with the Yoast SEO plugin v27.3 - https:\/\/yoast.com\/product\/yoast-seo-wordpress\/ -->\n<title>Collier Goutte Zirconia Blanc Argent 925 - Gladiolus<\/title>\n<meta name=\"description\" content=\"Collier Goutte Zirconia Blanc Argent 925, \u00e9l\u00e9gante et brillante, parfaite pour ajouter une touche chic \u00e0 votre style.\" \/>\n<meta name=\"robots\" content=\"index, follow, max-snippet:-1, max-image-preview:large, max-video-preview:-1\" \/>\n<link rel=\"canonical\" href=\"https:\/\/gladiolus.be\/index.php\/product\/collier-goutte-zirconia-blanc-argent-925\/\" \/>\n<meta property=\"og:locale\" content=\"fr_FR\" \/>\n<meta property=\"og:type\" content=\"article\" \/>\n<meta property=\"og:title\" content=\"Collier Goutte Zirconia Blanc Argent 925 - Gladiolus\" \/>\n<meta property=\"og:description\" content=\"Collier Goutte Zirconia Blanc Argent 925, \u00e9l\u00e9gante et brillante, parfaite pour ajouter une touche chic \u00e0 votre style.\" \/>\n<meta property=\"og:url\" content=\"https:\/\/gladiolus.be\/index.php\/product\/collier-goutte-zirconia-blanc-argent-925\/\" \/>\n<meta property=\"og:site_name\" content=\"Gladiolus\" \/>\n<meta property=\"article:modified_time\" content=\"2026-04-13T19:01:18+00:00\" \/>\n<meta property=\"og:image\" content=\"https:\/\/gladiolus.be\/wp-content\/uploads\/2021\/08\/WhatsApp-Image-2026-03-23-at-3.06.09-PM-4-e1774279803508.jpeg\" \/>\n\t<meta property=\"og:image:width\" content=\"720\" \/>\n\t<meta property=\"og:image:height\" content=\"1080\" \/>\n\t<meta property=\"og:image:type\" content=\"image\/jpeg\" \/>\n<meta name=\"twitter:card\" content=\"summary_large_image\" \/>\n<meta name=\"twitter:label1\" content=\"Dur\u00e9e de lecture est.\" \/>\n\t<meta name=\"twitter:data1\" content=\"1 minute\" \/>\n<script type=\"application\/ld+json\" class=\"yoast-schema-graph\">{\"@context\":\"https:\\\/\\\/schema.org\",\"@graph\":[{\"@type\":\"WebPage\",\"@id\":\"https:\\\/\\\/gladiolus.be\\\/index.php\\\/product\\\/collier-goutte-zirconia-blanc-argent-925\\\/\",\"url\":\"https:\\\/\\\/gladiolus.be\\\/index.php\\\/product\\\/collier-goutte-zirconia-blanc-argent-925\\\/\",\"name\":\"Collier Goutte Zirconia Blanc Argent 925 - Gladiolus\",\"isPartOf\":{\"@id\":\"https:\\\/\\\/gladiolus.be\\\/#website\"},\"primaryImageOfPage\":{\"@id\":\"https:\\\/\\\/gladiolus.be\\\/index.php\\\/product\\\/collier-goutte-zirconia-blanc-argent-925\\\/#primaryimage\"},\"image\":{\"@id\":\"https:\\\/\\\/gladiolus.be\\\/index.php\\\/product\\\/collier-goutte-zirconia-blanc-argent-925\\\/#primaryimage\"},\"thumbnailUrl\":\"https:\\\/\\\/gladiolus.be\\\/wp-content\\\/uploads\\\/2021\\\/08\\\/WhatsApp-Image-2026-03-23-at-3.06.09-PM-4-e1774279803508.jpeg\",\"datePublished\":\"2021-08-27T11:55:26+00:00\",\"dateModified\":\"2026-04-13T19:01:18+00:00\",\"description\":\"Collier Goutte Zirconia Blanc Argent 925, \u00e9l\u00e9gante et brillante, parfaite pour ajouter une touche chic \u00e0 votre style.\",\"breadcrumb\":{\"@id\":\"https:\\\/\\\/gladiolus.be\\\/index.php\\\/product\\\/collier-goutte-zirconia-blanc-argent-925\\\/#breadcrumb\"},\"inLanguage\":\"fr-BE\",\"potentialAction\":[{\"@type\":\"ReadAction\",\"target\":[\"https:\\\/\\\/gladiolus.be\\\/index.php\\\/product\\\/collier-goutte-zirconia-blanc-argent-925\\\/\"]}]},{\"@type\":\"ImageObject\",\"inLanguage\":\"fr-BE\",\"@id\":\"https:\\\/\\\/gladiolus.be\\\/index.php\\\/product\\\/collier-goutte-zirconia-blanc-argent-925\\\/#primaryimage\",\"url\":\"https:\\\/\\\/gladiolus.be\\\/wp-content\\\/uploads\\\/2021\\\/08\\\/WhatsApp-Image-2026-03-23-at-3.06.09-PM-4-e1774279803508.jpeg\",\"contentUrl\":\"https:\\\/\\\/gladiolus.be\\\/wp-content\\\/uploads\\\/2021\\\/08\\\/WhatsApp-Image-2026-03-23-at-3.06.09-PM-4-e1774279803508.jpeg\",\"width\":720,\"height\":1080},{\"@type\":\"BreadcrumbList\",\"@id\":\"https:\\\/\\\/gladiolus.be\\\/index.php\\\/product\\\/collier-goutte-zirconia-blanc-argent-925\\\/#breadcrumb\",\"itemListElement\":[{\"@type\":\"ListItem\",\"position\":1,\"name\":\"Home\",\"item\":\"https:\\\/\\\/gladiolus.be\\\/\"},{\"@type\":\"ListItem\",\"position\":2,\"name\":\"Boutique\",\"item\":\"https:\\\/\\\/gladiolus.be\\\/index.php\\\/boutique\\\/\"},{\"@type\":\"ListItem\",\"position\":3,\"name\":\"Collier Goutte Zirconia Blanc Argent 925\"}]},{\"@type\":\"WebSite\",\"@id\":\"https:\\\/\\\/gladiolus.be\\\/#website\",\"url\":\"https:\\\/\\\/gladiolus.be\\\/\",\"name\":\"Gladiolus\",\"description\":\"Gladiolus\",\"potentialAction\":[{\"@type\":\"SearchAction\",\"target\":{\"@type\":\"EntryPoint\",\"urlTemplate\":\"https:\\\/\\\/gladiolus.be\\\/?s={search_term_string}\"},\"query-input\":{\"@type\":\"PropertyValueSpecification\",\"valueRequired\":true,\"valueName\":\"search_term_string\"}}],\"inLanguage\":\"fr-BE\"}]}<\/script>\n<!-- \/ Yoast SEO plugin. -->","yoast_head_json":{"title":"Collier Goutte Zirconia Blanc Argent 925 - Gladiolus","description":"Collier Goutte Zirconia Blanc Argent 925, \u00e9l\u00e9gante et brillante, parfaite pour ajouter une touche chic \u00e0 votre style.","robots":{"index":"index","follow":"follow","max-snippet":"max-snippet:-1","max-image-preview":"max-image-preview:large","max-video-preview":"max-video-preview:-1"},"canonical":"https:\/\/gladiolus.be\/index.php\/product\/collier-goutte-zirconia-blanc-argent-925\/","og_locale":"fr_FR","og_type":"article","og_title":"Collier Goutte Zirconia Blanc Argent 925 - Gladiolus","og_description":"Collier Goutte Zirconia Blanc Argent 925, \u00e9l\u00e9gante et brillante, parfaite pour ajouter une touche chic \u00e0 votre style.","og_url":"https:\/\/gladiolus.be\/index.php\/product\/collier-goutte-zirconia-blanc-argent-925\/","og_site_name":"Gladiolus","article_modified_time":"2026-04-13T19:01:18+00:00","og_image":[{"width":720,"height":1080,"url":"https:\/\/gladiolus.be\/wp-content\/uploads\/2021\/08\/WhatsApp-Image-2026-03-23-at-3.06.09-PM-4-e1774279803508.jpeg","type":"image\/jpeg"}],"twitter_card":"summary_large_image","twitter_misc":{"Dur\u00e9e de lecture est.":"1 minute"},"schema":{"@context":"https:\/\/schema.org","@graph":[{"@type":"WebPage","@id":"https:\/\/gladiolus.be\/index.php\/product\/collier-goutte-zirconia-blanc-argent-925\/","url":"https:\/\/gladiolus.be\/index.php\/product\/collier-goutte-zirconia-blanc-argent-925\/","name":"Collier Goutte Zirconia Blanc Argent 925 - Gladiolus","isPartOf":{"@id":"https:\/\/gladiolus.be\/#website"},"primaryImageOfPage":{"@id":"https:\/\/gladiolus.be\/index.php\/product\/collier-goutte-zirconia-blanc-argent-925\/#primaryimage"},"image":{"@id":"https:\/\/gladiolus.be\/index.php\/product\/collier-goutte-zirconia-blanc-argent-925\/#primaryimage"},"thumbnailUrl":"https:\/\/gladiolus.be\/wp-content\/uploads\/2021\/08\/WhatsApp-Image-2026-03-23-at-3.06.09-PM-4-e1774279803508.jpeg","datePublished":"2021-08-27T11:55:26+00:00","dateModified":"2026-04-13T19:01:18+00:00","description":"Collier Goutte Zirconia Blanc Argent 925, \u00e9l\u00e9gante et brillante, parfaite pour ajouter une touche chic \u00e0 votre style.","breadcrumb":{"@id":"https:\/\/gladiolus.be\/index.php\/product\/collier-goutte-zirconia-blanc-argent-925\/#breadcrumb"},"inLanguage":"fr-BE","potentialAction":[{"@type":"ReadAction","target":["https:\/\/gladiolus.be\/index.php\/product\/collier-goutte-zirconia-blanc-argent-925\/"]}]},{"@type":"ImageObject","inLanguage":"fr-BE","@id":"https:\/\/gladiolus.be\/index.php\/product\/collier-goutte-zirconia-blanc-argent-925\/#primaryimage","url":"https:\/\/gladiolus.be\/wp-content\/uploads\/2021\/08\/WhatsApp-Image-2026-03-23-at-3.06.09-PM-4-e1774279803508.jpeg","contentUrl":"https:\/\/gladiolus.be\/wp-content\/uploads\/2021\/08\/WhatsApp-Image-2026-03-23-at-3.06.09-PM-4-e1774279803508.jpeg","width":720,"height":1080},{"@type":"BreadcrumbList","@id":"https:\/\/gladiolus.be\/index.php\/product\/collier-goutte-zirconia-blanc-argent-925\/#breadcrumb","itemListElement":[{"@type":"ListItem","position":1,"name":"Home","item":"https:\/\/gladiolus.be\/"},{"@type":"ListItem","position":2,"name":"Boutique","item":"https:\/\/gladiolus.be\/index.php\/boutique\/"},{"@type":"ListItem","position":3,"name":"Collier Goutte Zirconia Blanc Argent 925"}]},{"@type":"WebSite","@id":"https:\/\/gladiolus.be\/#website","url":"https:\/\/gladiolus.be\/","name":"Gladiolus","description":"Gladiolus","potentialAction":[{"@type":"SearchAction","target":{"@type":"EntryPoint","urlTemplate":"https:\/\/gladiolus.be\/?s={search_term_string}"},"query-input":{"@type":"PropertyValueSpecification","valueRequired":true,"valueName":"search_term_string"}}],"inLanguage":"fr-BE"}]}},"jetpack_sharing_enabled":true,"_links":{"self":[{"href":"https:\/\/gladiolus.be\/index.php\/wp-json\/wp\/v2\/product\/361","targetHints":{"allow":["GET"]}}],"collection":[{"href":"https:\/\/gladiolus.be\/index.php\/wp-json\/wp\/v2\/product"}],"about":[{"href":"https:\/\/gladiolus.be\/index.php\/wp-json\/wp\/v2\/types\/product"}],"replies":[{"embeddable":true,"href":"https:\/\/gladiolus.be\/index.php\/wp-json\/wp\/v2\/comments?post=361"}],"version-history":[{"count":18,"href":"https:\/\/gladiolus.be\/index.php\/wp-json\/wp\/v2\/product\/361\/revisions"}],"predecessor-version":[{"id":28803,"href":"https:\/\/gladiolus.be\/index.php\/wp-json\/wp\/v2\/product\/361\/revisions\/28803"}],"wp:featuredmedia":[{"embeddable":true,"href":"https:\/\/gladiolus.be\/index.php\/wp-json\/wp\/v2\/media\/28763"}],"wp:attachment":[{"href":"https:\/\/gladiolus.be\/index.php\/wp-json\/wp\/v2\/media?parent=361"}],"wp:term":[{"taxonomy":"product_brand","embeddable":true,"href":"https:\/\/gladiolus.be\/index.php\/wp-json\/wp\/v2\/product_brand?post=361"},{"taxonomy":"product_cat","embeddable":true,"href":"https:\/\/gladiolus.be\/index.php\/wp-json\/wp\/v2\/product_cat?post=361"},{"taxonomy":"product_tag","embeddable":true,"href":"https:\/\/gladiolus.be\/index.php\/wp-json\/wp\/v2\/product_tag?post=361"}],"curies":[{"name":"wp","href":"https:\/\/api.w.org\/{rel}","templated":true}]}}